{"id":1454,"date":"2018-10-08T13:29:04","date_gmt":"2018-10-08T11:29:04","guid":{"rendered":"http:\/\/www.diasporafriends.de\/zzdrricken\/?page_id=1454"},"modified":"2025-08-22T10:01:14","modified_gmt":"2025-08-22T08:01:14","slug":"contact","status":"publish","type":"page","link":"https:\/\/www.drricken.de\/en\/contact\/","title":{"rendered":"Contact"},"content":{"rendered":"\n<style type=\"text\/css\" data-created_by=\"avia_inline_auto\" id=\"style-css-av-2aeuai-c97da7fe26da5abaa7f262ec83eeea2b\">\n.flex_column.av-2aeuai-c97da7fe26da5abaa7f262ec83eeea2b{\nborder-radius:0px 0px 0px 0px;\npadding:0px 0px 0px 0px;\n}\n<\/style>\n<div  class='flex_column av-2aeuai-c97da7fe26da5abaa7f262ec83eeea2b av_two_fifth  avia-builder-el-0  el_before_av_three_fifth  avia-builder-el-first  first flex_column_div av-animated-generic bottom-to-top av-zero-column-padding  '     ><p>\n<style type=\"text\/css\" data-created_by=\"avia_inline_auto\" id=\"style-css-av-29bepn-140a57b1caa9a7fcf2e2d5ce6d3cd456\">\n#top .av-special-heading.av-29bepn-140a57b1caa9a7fcf2e2d5ce6d3cd456{\npadding-bottom:10px;\nfont-size:22px;\n}\nbody .av-special-heading.av-29bepn-140a57b1caa9a7fcf2e2d5ce6d3cd456 .av-special-heading-tag .heading-char{\nfont-size:25px;\n}\n#top #wrap_all .av-special-heading.av-29bepn-140a57b1caa9a7fcf2e2d5ce6d3cd456 .av-special-heading-tag{\nfont-size:22px;\n}\n.av-special-heading.av-29bepn-140a57b1caa9a7fcf2e2d5ce6d3cd456 .av-subheading{\nfont-size:15px;\n}\n\n@media only screen and (min-width: 480px) and (max-width: 767px){ \n#top #wrap_all .av-special-heading.av-29bepn-140a57b1caa9a7fcf2e2d5ce6d3cd456 .av-special-heading-tag{\nfont-size:0.8em;\n}\n}\n\n@media only screen and (max-width: 479px){ \n#top #wrap_all .av-special-heading.av-29bepn-140a57b1caa9a7fcf2e2d5ce6d3cd456 .av-special-heading-tag{\nfont-size:0.8em;\n}\n}\n<\/style>\n<div  class='av-special-heading av-29bepn-140a57b1caa9a7fcf2e2d5ce6d3cd456 av-special-heading-h1 blockquote modern-quote  avia-builder-el-1  el_before_av_textblock  avia-builder-el-first  av-inherit-size'><h1 class='av-special-heading-tag '  itemprop=\"headline\"  >Kieferorthop\u00e4dische Praxis<br \/>\nDr. med. dent. Claudia Ricken<\/h1><div class=\"special-heading-border\"><div class=\"special-heading-inner-border\"><\/div><\/div><\/div><br \/>\n<section  class='av_textblock_section av-jo722md0-6a3d81d2728deb6de0ebd0b1f1c30245 '   itemscope=\"itemscope\" itemtype=\"https:\/\/schema.org\/CreativeWork\" ><div class='avia_textblock'  itemprop=\"text\" ><p>Rodensteinstra\u00dfe. 19<br \/>\n(Bahnhofsvorplatz)<br \/>\n64625 Bensheim<\/p>\n<p>Tel. 06251-1079-0<br \/>\nFax. 06251-1079-3<br \/>\nwww.drricken.de<\/p>\n<p>E-Mail: <a href=\"mailto:info@drricken.de\">info@drricken.de<\/a><\/p>\n<\/div><\/section><br \/>\n\n<style type=\"text\/css\" data-created_by=\"avia_inline_auto\" id=\"style-css-av-jo72ey0u-bb77a827a4731470e46464397cd65450\">\n#top .av-special-heading.av-jo72ey0u-bb77a827a4731470e46464397cd65450{\npadding-bottom:10px;\n}\nbody .av-special-heading.av-jo72ey0u-bb77a827a4731470e46464397cd65450 .av-special-heading-tag .heading-char{\nfont-size:25px;\n}\n.av-special-heading.av-jo72ey0u-bb77a827a4731470e46464397cd65450 .av-subheading{\nfont-size:15px;\n}\n<\/style>\n<div  class='av-special-heading av-jo72ey0u-bb77a827a4731470e46464397cd65450 av-special-heading-h3 blockquote modern-quote  avia-builder-el-3  el_after_av_textblock  avia-builder-el-last '><h3 class='av-special-heading-tag '  itemprop=\"headline\"  >Wir freuen uns auf Ihren Besuch.<\/h3><div class=\"special-heading-border\"><div class=\"special-heading-inner-border\"><\/div><\/div><\/div><\/p><\/div>\n\n<style type=\"text\/css\" data-created_by=\"avia_inline_auto\" id=\"style-css-av-2rmdu-6ba2d797a6b373f7cbf42c11d2765b0b\">\n.flex_column.av-2rmdu-6ba2d797a6b373f7cbf42c11d2765b0b{\nborder-radius:0px 0px 0px 0px;\npadding:0px 0px 0px 0px;\n}\n<\/style>\n<div  class='flex_column av-2rmdu-6ba2d797a6b373f7cbf42c11d2765b0b av_three_fifth  avia-builder-el-4  el_after_av_two_fifth  el_before_av_hr  flex_column_div av-animated-generic bottom-to-top av-zero-column-padding  '     ><section  class='av_textblock_section av-jo7233aj-32c99c78441b81791579bfecd0882634 '   itemscope=\"itemscope\" itemtype=\"https:\/\/schema.org\/CreativeWork\" ><div class='avia_textblock'  itemprop=\"text\" ><p>Unsere Praxis liegt in Bensheim zentral auf dem Bahnhofsvorplatz. Direkt im Geb\u00e4ude finden Sie ein gro\u00dfes \u00f6ffentliches Parkhaus und vor dem Haus gibt es einige Kurzzeitparkpl\u00e4tze. Der Busbahnhof liegt direkt vor der T\u00fcr und auch die S-Bahn Haltestellen des Rhein-Main \u2013 Rhein-Neckar-Verkehrsverbund.<br \/>\nDer Fu\u00dfweg von der Praxis zum Gleis Ihrer Zugverbindung betr\u00e4gt 3 min.<br \/>\nWarten Sie auf Ihre Verbindung bequem in unseren Praxisr\u00e4umen und machen sich kurzfristig auf den Weg zu Ihrer Haltestelle.<\/p>\n<p>Die zentrale Lage macht es m\u00f6glich uns von Mannheim, Heidelberg, Darmstadt, Langen und Worms in ca. 20 min zu erreichen. Unsere Patienten aus Frankfurt, Alzey, Mainz und Wald-Michelbach im Odenwald sind in ca. 35 min bei uns.<\/p>\n<p>Durch das besondere Leistungsspektrum unserer Praxis sind wir es gew\u00f6hnt, dass viele unserer Patienten einen gr\u00f6\u00dferen Anfahrtsweg zu uns in Kauf nehmen. Gerne ber\u00fccksichtigen wir dies bei der Terminvergabe.<\/p>\n<\/div><\/section><\/div>\n\n<style type=\"text\/css\" data-created_by=\"avia_inline_auto\" id=\"style-css-av-7anguy-0932ec0c77bc02a4654b845196dc4e67\">\n#top .hr.av-7anguy-0932ec0c77bc02a4654b845196dc4e67{\nmargin-top:70px;\nmargin-bottom:70px;\n}\n.hr.av-7anguy-0932ec0c77bc02a4654b845196dc4e67 .hr-inner{\nwidth:50px;\nborder-color:#628b94;\n}\n<\/style>\n<div  class='hr av-7anguy-0932ec0c77bc02a4654b845196dc4e67 hr-custom  avia-builder-el-6  el_after_av_three_fifth  avia-builder-el-last  hr-center hr-icon-no'><span class='hr-inner inner-border-av-border-fat'><span class=\"hr-inner-style\"><\/span><\/span><\/div>\n","protected":false},"excerpt":{"rendered":"","protected":false},"author":3,"featured_media":0,"parent":0,"menu_order":35,"comment_status":"closed","ping_status":"closed","template":"","meta":{"footnotes":""},"class_list":["post-1454","page","type-page","status-publish","hentry"],"_links":{"self":[{"href":"https:\/\/www.drricken.de\/en\/wp-json\/wp\/v2\/pages\/1454","targetHints":{"allow":["GET"]}}],"collection":[{"href":"https:\/\/www.drricken.de\/en\/wp-json\/wp\/v2\/pages"}],"about":[{"href":"https:\/\/www.drricken.de\/en\/wp-json\/wp\/v2\/types\/page"}],"author":[{"embeddable":true,"href":"https:\/\/www.drricken.de\/en\/wp-json\/wp\/v2\/users\/3"}],"replies":[{"embeddable":true,"href":"https:\/\/www.drricken.de\/en\/wp-json\/wp\/v2\/comments?post=1454"}],"version-history":[{"count":5,"href":"https:\/\/www.drricken.de\/en\/wp-json\/wp\/v2\/pages\/1454\/revisions"}],"predecessor-version":[{"id":1801,"href":"https:\/\/www.drricken.de\/en\/wp-json\/wp\/v2\/pages\/1454\/revisions\/1801"}],"wp:attachment":[{"href":"https:\/\/www.drricken.de\/en\/wp-json\/wp\/v2\/media?parent=1454"}],"curies":[{"name":"wp","href":"https:\/\/api.w.org\/{rel}","templated":true}]}}