{"id":1463,"date":"2018-10-08T13:31:16","date_gmt":"2018-10-08T11:31:16","guid":{"rendered":"http:\/\/www.diasporafriends.de\/zzdrricken\/?page_id=1463"},"modified":"2019-01-15T18:13:20","modified_gmt":"2019-01-15T17:13:20","slug":"imprint","status":"publish","type":"page","link":"https:\/\/www.drricken.de\/en\/imprint\/","title":{"rendered":"Imprint"},"content":{"rendered":"\n<style type=\"text\/css\" data-created_by=\"avia_inline_auto\" id=\"style-css-av-av_heading-be06b5e5b23bc78a19e5a92a078adf68\">\n#top .av-special-heading.av-av_heading-be06b5e5b23bc78a19e5a92a078adf68{\npadding-bottom:10px;\n}\nbody .av-special-heading.av-av_heading-be06b5e5b23bc78a19e5a92a078adf68 .av-special-heading-tag .heading-char{\nfont-size:25px;\n}\n.av-special-heading.av-av_heading-be06b5e5b23bc78a19e5a92a078adf68 .av-subheading{\nfont-size:15px;\n}\n\n@media only screen and (min-width: 480px) and (max-width: 767px){ \n#top #wrap_all .av-special-heading.av-av_heading-be06b5e5b23bc78a19e5a92a078adf68 .av-special-heading-tag{\nfont-size:18px;\n}\n}\n\n@media only screen and (max-width: 479px){ \n#top #wrap_all .av-special-heading.av-av_heading-be06b5e5b23bc78a19e5a92a078adf68 .av-special-heading-tag{\nfont-size:16px;\n}\n}\n<\/style>\n<div  class='av-special-heading av-av_heading-be06b5e5b23bc78a19e5a92a078adf68 av-special-heading-h1 blockquote modern-quote  avia-builder-el-0  el_before_av_textblock  avia-builder-el-first '><h1 class='av-special-heading-tag '  itemprop=\"headline\"  >Impressum<\/h1><div class=\"special-heading-border\"><div class=\"special-heading-inner-border\"><\/div><\/div><\/div>\n<section  class='av_textblock_section av-josr5lj9-8001a5af221c1359480455b8134e2f5e '   itemscope=\"itemscope\" itemtype=\"https:\/\/schema.org\/CreativeWork\" ><div class='avia_textblock'  itemprop=\"text\" ><p>Angaben gem\u00e4\u00df \u00a7 5 TMG<\/p>\n<p><strong>Kieferorthop\u00e4dische Fachpraxis<\/strong><br \/>\nDr. med. dent. Claudia Ricken<br \/>\nFachzahn\u00e4rztin f\u00fcr Kieferorthop\u00e4die<br \/>\nRodensteinstra\u00dfe. 19<br \/>\n64625 Bensheim<\/p>\n<p><strong>Kontakt:<\/strong><br \/>\nTelefon: 06251-1079-0<br \/>\nE-Mail: <a href=\"mailto:info@drricken.de\">info@drricken.de<\/a><br \/>\nInternet: www.drricken.de<\/p>\n<p><strong>Gesetzliche Berufsbezeichnung:<\/strong> Fachzahnarzt f\u00fcr Kieferorthop\u00e4die<br \/>\n<strong>Verliehen in:<\/strong> Bundesrepublik Deutschland<\/p>\n<p><strong>Angabe zur zust\u00e4ndigen Aufsichtsbeh\u00f6rden:<\/strong><br \/>\nKassenzahn\u00e4rztliche Vereinigung Hessen<br \/>\nK\u00f6rperschaft des \u00f6ffentlichen Rechts<br \/>\nLyoner Str. 21<br \/>\n60528 Frankfurt am Main<br \/>\nTel.: 069 6607-0<br \/>\nInternet: <a href=\"https:\/\/www.kzvh.de\/\" target=\"_blank\" rel=\"noopener\">www.kzvh.de\u2028<\/a><br \/>\nE-Mail: <a href=\"mailto:kzvh@kzvh.de\">kzvh@kzvh.de<\/a><\/p>\n<p><strong>Kammerzugeh\u00f6rigkeit:<\/strong><br \/>\nLandeszahn\u00e4rztekammer Hessen<br \/>\nRhonestra\u00dfe 4<br \/>\n60528 Frankfurt am Main<br \/>\nTel.: 069 427275-0<br \/>\nInternet: www.lzkh.de<br \/>\nE-Mail: box@lzkh.de<\/p>\n<p>Hessisches Landespr\u00fcfungs- und Untersuchungsamt im Gesundheitswesen (HLPUG)<br \/>\nWalter-M\u00f6ller-Platz 1<br \/>\n60528 Frankfurt<\/p>\n<p>Geltendes Berufsrecht:<\/p>\n<p>Abrufbar unter <a href=\"https:\/\/www.lzkh.de\/\" target=\"_blank\" rel=\"noopener\">www.lzkh.de<\/a>:<\/p>\n<ul>\n<li>Gesetz \u00fcber die Ausbildung der Zahnheilkunde<\/li>\n<li>Geb\u00fchrenordnung f\u00fcr Zahn\u00e4rzte<\/li>\n<li>Berufsordnung f\u00fcr hessische Zahn\u00e4rztinnen und Zahn\u00e4rzte<\/li>\n<li>Hessisches Heilberufsgesetz<\/li>\n<\/ul>\n<p><strong>Verantwortlich f\u00fcr den Inhalt nach \u00a7 55 Abs. 2 RStV:<\/strong><br \/>\nDr. med. dent. Claudia Ricken<br \/>\nRodensteinstra\u00dfe. 19<br \/>\n64625 Bensheim<\/p>\n<h3>Haftungsausschluss<\/h3>\n<p><strong>Haftung f\u00fcr Inhalte<\/strong><br \/>\nDie Inhalte unserer Seiten wurden mit gr\u00f6\u00dfter Sorgfalt erstellt. F\u00fcr die Richtigkeit, Vollst\u00e4ndigkeit und Aktualit\u00e4t der Inhalte k\u00f6nnen wir jedoch keine Gew\u00e4hr \u00fcbernehmen. Als Dienste Anbieter sind wir gem\u00e4\u00df \u00a7 7 Abs.1 TMG f\u00fcr eigene Inhalte auf diesen Seiten nach den allgemeinen Gesetzen verantwortlich. Nach \u00a7\u00a7 8 bis 10 TMG sind wir als Dienste Anbieter jedoch nicht verpflichtet, \u00fcbermittelte oder gespeicherte fremde Informationen zu \u00fcberwachen oder nach Umst\u00e4nden zu forschen, die auf eine rechtswidrige T\u00e4tigkeit hinweisen. Verpflichtungen zur Entfernung oder Sperrung der Nutzung von Informationen nach den allgemeinen Gesetzen bleiben hiervon unber\u00fchrt. Eine diesbez\u00fcgliche Haftung ist jedoch erst ab dem Zeitpunkt der Kenntnis einer konkreten Rechtsverletzung m\u00f6glich. Bei Bekanntwerden von entsprechenden Rechtsverletzungen werden wir diese Inhalte umgehend entfernen.<\/p>\n<p><strong>Haftung f\u00fcr Links<\/strong><br \/>\nUnser Angebot enth\u00e4lt Links zu externen Webseiten Dritter, auf deren Inhalte wir keinen Einfluss haben. Deshalb k\u00f6nnen wir f\u00fcr diese fremden Inhalte auch keine Gew\u00e4hr \u00fcbernehmen. F\u00fcr die Inhalte der verlinkten Seiten ist stets der jeweilige Anbieter oder Betreiber der Seiten verantwortlich. Die verlinkten Seiten wurden zum Zeitpunkt der Verlinkung auf m\u00f6gliche Rechtsverst\u00f6\u00dfe \u00fcberpr\u00fcft. Rechtswidrige Inhalte waren zum Zeitpunkt der Verlinkung nicht erkennbar. Eine permanente inhaltliche Kontrolle der verlinkten Seiten ist jedoch ohne konkrete Anhaltspunkte einer Rechtsverletzung nicht zumutbar. Bei Bekanntwerden von Rechtsverletzungen werden wir derartige Links umgehend entfernen.<\/p>\n<p><strong>Urheberrecht<\/strong><br \/>\nDie durch die Seitenbetreiber erstellten Inhalte und Werke auf diesen Seiten unterliegen dem deutschen Urheberrecht. Die Vervielf\u00e4ltigung, Bearbeitung, Verbreitung und jede Art der Verwertung au\u00dferhalb der Grenzen des Urheberrechtes bed\u00fcrfen der schriftlichen Zustimmung des jeweiligen Autors bzw. Erstellers. Downloads und Kopien dieser Seite sind nur f\u00fcr den privaten, nicht kommerziellen Gebrauch gestattet. Soweit die Inhalte auf dieser Seite nicht vom Betreiber erstellt wurden, werden die Urheberrechte Dritter beachtet. Insbesondere werden Inhalte Dritter als solche gekennzeichnet. Sollten Sie trotzdem auf eine Urheberrechtsverletzung aufmerksam werden, bitten wir um einen entsprechenden Hinweis. Bei Bekanntwerden von Rechtsverletzungen werden wir derartige Inhalte umgehend entfernen. S\u00e4mtliche Beitr\u00e4ge geben ausschlie\u00dflich die Auffassung des jeweiligen Verfassers wieder. Dies gilt insbesondere f\u00fcr die mittels der Kommentarfunktion erstellten Diskussions-Beitr\u00e4ge. Der Betreiber beh\u00e4lt sich die L\u00f6schung einzelner Beitr\u00e4ge und die Sperrung der Kommentar-Funktion vor. Ich distanziere mich von allen im Blog abgegebenen Kommentaren. Sie bilden nicht meine Meinung.<\/p>\n<\/div><\/section>\n","protected":false},"excerpt":{"rendered":"","protected":false},"author":3,"featured_media":0,"parent":0,"menu_order":999,"comment_status":"closed","ping_status":"closed","template":"","meta":{"footnotes":""},"class_list":["post-1463","page","type-page","status-publish","hentry"],"_links":{"self":[{"href":"https:\/\/www.drricken.de\/en\/wp-json\/wp\/v2\/pages\/1463","targetHints":{"allow":["GET"]}}],"collection":[{"href":"https:\/\/www.drricken.de\/en\/wp-json\/wp\/v2\/pages"}],"about":[{"href":"https:\/\/www.drricken.de\/en\/wp-json\/wp\/v2\/types\/page"}],"author":[{"embeddable":true,"href":"https:\/\/www.drricken.de\/en\/wp-json\/wp\/v2\/users\/3"}],"replies":[{"embeddable":true,"href":"https:\/\/www.drricken.de\/en\/wp-json\/wp\/v2\/comments?post=1463"}],"version-history":[{"count":5,"href":"https:\/\/www.drricken.de\/en\/wp-json\/wp\/v2\/pages\/1463\/revisions"}],"predecessor-version":[{"id":3108,"href":"https:\/\/www.drricken.de\/en\/wp-json\/wp\/v2\/pages\/1463\/revisions\/3108"}],"wp:attachment":[{"href":"https:\/\/www.drricken.de\/en\/wp-json\/wp\/v2\/media?parent=1463"}],"curies":[{"name":"wp","href":"https:\/\/api.w.org\/{rel}","templated":true}]}}