{"id":3053,"date":"2018-11-05T13:55:26","date_gmt":"2018-11-05T12:55:26","guid":{"rendered":"https:\/\/www.drricken.de\/koala\/"},"modified":"2019-01-15T18:03:30","modified_gmt":"2019-01-15T17:03:30","slug":"koala","status":"publish","type":"page","link":"https:\/\/www.drricken.de\/en\/koala\/","title":{"rendered":"K.o.a.l.a"},"content":{"rendered":"<div id='av-layout-grid-1'  class='av-layout-grid-container av-ti6f00-66e668b999a6b398997ef3bc95bda3b7 entry-content-wrapper main_color av-flex-cells  avia-builder-el-0  el_before_av_one_half  avia-builder-el-first   container_wrap fullsize'  >\n\n<style type=\"text\/css\" data-created_by=\"avia_inline_auto\" id=\"style-css-av-jo5yl8j0-52c50af17243da167f8414c1760c6131\">\n.flex_cell.av-jo5yl8j0-52c50af17243da167f8414c1760c6131{\nvertical-align:middle;\nheight:300px;\nmin-height:300px;\nbackground:url(https:\/\/www.drricken.de\/wp-content\/uploads\/2018\/11\/koalao_header-1.jpg) 50% 0% no-repeat scroll #628b94;\n}\n.responsive #top #wrap_all .flex_cell.av-jo5yl8j0-52c50af17243da167f8414c1760c6131{\npadding:0px 0px 0px 0px !important;\n}\n<\/style>\n<div class='flex_cell av-jo5yl8j0-52c50af17243da167f8414c1760c6131 av-gridrow-cell av_one_half no_margin  avia-builder-el-1  el_before_av_cell_one_half  avia-builder-el-first  content-align-middle av-zero-padding avia-full-stretch'  ><div class='flex_cell_inner'><\/div><\/div>\n<style type=\"text\/css\" data-created_by=\"avia_inline_auto\" id=\"style-css-av-jo5ylfiu-665a2f2faaae2855156377a962d82ca6\">\n.flex_cell.av-jo5ylfiu-665a2f2faaae2855156377a962d82ca6{\nvertical-align:middle;\nheight:300px;\nmin-height:300px;\nbackground-color:#e8e8e8;\n}\n.responsive #top #wrap_all .flex_cell.av-jo5ylfiu-665a2f2faaae2855156377a962d82ca6{\npadding:80px 80px 80px 80px !important;\n}\n<\/style>\n<div class='flex_cell av-jo5ylfiu-665a2f2faaae2855156377a962d82ca6 av-gridrow-cell av_one_half no_margin  avia-builder-el-2  el_after_av_cell_one_half  avia-builder-el-last  flexcellmobile content-align-middle'  ><div class='flex_cell_inner'><p>\n<style type=\"text\/css\" data-created_by=\"avia_inline_auto\" id=\"style-css-av-31xict-0c09c7419b79ebb01eee538f6e244a6a\">\n#top .av-special-heading.av-31xict-0c09c7419b79ebb01eee538f6e244a6a{\npadding-bottom:25px;\ncolor:#628b94;\nfont-size:34px;\n}\nbody .av-special-heading.av-31xict-0c09c7419b79ebb01eee538f6e244a6a .av-special-heading-tag .heading-char{\nfont-size:25px;\n}\n#top #wrap_all .av-special-heading.av-31xict-0c09c7419b79ebb01eee538f6e244a6a .av-special-heading-tag{\nfont-size:34px;\n}\n.av-special-heading.av-31xict-0c09c7419b79ebb01eee538f6e244a6a .special-heading-inner-border{\nborder-color:#628b94;\n}\n.av-special-heading.av-31xict-0c09c7419b79ebb01eee538f6e244a6a .av-subheading{\nfont-size:15px;\n}\n\n@media only screen and (min-width: 480px) and (max-width: 767px){ \n#top #wrap_all .av-special-heading.av-31xict-0c09c7419b79ebb01eee538f6e244a6a .av-special-heading-tag{\nfont-size:0.8em;\n}\n}\n\n@media only screen and (max-width: 479px){ \n#top #wrap_all .av-special-heading.av-31xict-0c09c7419b79ebb01eee538f6e244a6a .av-special-heading-tag{\nfont-size:0.8em;\n}\n}\n<\/style>\n<div  class='av-special-heading av-31xict-0c09c7419b79ebb01eee538f6e244a6a av-special-heading-h1 custom-color-heading blockquote modern-quote modern-centered  avia-builder-el-3  el_before_av_textblock  avia-builder-el-first  av-inherit-size'><h1 class='av-special-heading-tag '  itemprop=\"headline\"  >K.o.a.l.a<\/h1><div class='av_custom_color av-subheading av-subheading_below'><p>Kinetic Orthodontics And Longterm Alignment.<\/p>\n<\/div><div class=\"special-heading-border\"><div class=\"special-heading-inner-border\"><\/div><\/div><\/div><br \/>\n\n<style type=\"text\/css\" data-created_by=\"avia_inline_auto\" id=\"style-css-av-qpj36o-16956e20f10fbabe1a5a4db96daf84ee\">\n#top .av_textblock_section.av-qpj36o-16956e20f10fbabe1a5a4db96daf84ee .avia_textblock{\ncolor:#628b94;\n}\n<\/style>\n<section  class='av_textblock_section av-qpj36o-16956e20f10fbabe1a5a4db96daf84ee '   itemscope=\"itemscope\" itemtype=\"https:\/\/schema.org\/CreativeWork\" ><div class='avia_textblock av_inherit_color'  itemprop=\"text\" ><p style=\"text-align: center;\">Durch ein gezieltes Training schaffen wir stabile Behandlungsergebnisse und k\u00f6nnen aufwendige Zahnkorrekturen vermeiden.<\/p>\n<\/div><\/section><\/p>\n<\/div><\/div>\n<\/div><div id='after_grid_row_1'  class='main_color av_default_container_wrap container_wrap fullsize'  ><div class='container av-section-cont-open' ><div class='template-page content  av-content-full alpha units'><div class='post-entry post-entry-type-page post-entry-3053'><div class='entry-content-wrapper clearfix'>\n\n<style type=\"text\/css\" data-created_by=\"avia_inline_auto\" id=\"style-css-av-6qte2i-fe1a05c6a2c4e9e7267cfeffa9b6ff78\">\n.flex_column.av-6qte2i-fe1a05c6a2c4e9e7267cfeffa9b6ff78{\nborder-radius:0px 0px 0px 0px;\npadding:0px 0px 0px 0px;\n}\n<\/style>\n<div  class='flex_column av-6qte2i-fe1a05c6a2c4e9e7267cfeffa9b6ff78 av_one_half  avia-builder-el-5  el_after_av_layout_row  el_before_av_one_half  avia-builder-el-first  first flex_column_div av-animated-generic bottom-to-top av-zero-column-padding  '     ><p>\n<style type=\"text\/css\" data-created_by=\"avia_inline_auto\" id=\"style-css-av-jomsl52f-efa5a2ff496fd0a6f533b5c99ea89c1c\">\n#top .av-special-heading.av-jomsl52f-efa5a2ff496fd0a6f533b5c99ea89c1c{\npadding-bottom:20px;\ncolor:#4c5654;\nfont-size:22px;\n}\nbody .av-special-heading.av-jomsl52f-efa5a2ff496fd0a6f533b5c99ea89c1c .av-special-heading-tag .heading-char{\nfont-size:25px;\n}\n#top #wrap_all .av-special-heading.av-jomsl52f-efa5a2ff496fd0a6f533b5c99ea89c1c .av-special-heading-tag{\nfont-size:22px;\n}\n.av-special-heading.av-jomsl52f-efa5a2ff496fd0a6f533b5c99ea89c1c .special-heading-inner-border{\nborder-color:#4c5654;\n}\n.av-special-heading.av-jomsl52f-efa5a2ff496fd0a6f533b5c99ea89c1c .av-subheading{\nfont-size:15px;\n}\n\n@media only screen and (min-width: 480px) and (max-width: 767px){ \n#top #wrap_all .av-special-heading.av-jomsl52f-efa5a2ff496fd0a6f533b5c99ea89c1c .av-special-heading-tag{\nfont-size:0.8em;\n}\n}\n\n@media only screen and (max-width: 479px){ \n#top #wrap_all .av-special-heading.av-jomsl52f-efa5a2ff496fd0a6f533b5c99ea89c1c .av-special-heading-tag{\nfont-size:0.8em;\n}\n}\n<\/style>\n<div  class='av-special-heading av-jomsl52f-efa5a2ff496fd0a6f533b5c99ea89c1c av-special-heading-h3 custom-color-heading blockquote modern-quote modern-centered  avia-builder-el-6  el_before_av_textblock  avia-builder-el-first  av-inherit-size'><h3 class='av-special-heading-tag '  itemprop=\"headline\"  >Zahnspange vermeiden<\/h3><div class=\"special-heading-border\"><div class=\"special-heading-inner-border\"><\/div><\/div><\/div><br \/>\n<section  class='av_textblock_section av-6dmvia-378985ed08bac409472386bdcab70959 '   itemscope=\"itemscope\" itemtype=\"https:\/\/schema.org\/CreativeWork\" ><div class='avia_textblock'  itemprop=\"text\" ><p>Bei der Fr\u00fchbehandlung im Alter von 5-9 Jahren, kombinieren wir gezielt den australischen Myo- und Liptrainer mit individuellen Atem-, Kau-, Muskel- und myofunktionellen \u00dcbungen. Ein animiertes Trainingsprogramm unterst\u00fctzt die Motivation der Kinder. Es erkl\u00e4rt die \u00dcbungen zu Hause im Zeichentrick und \u00fcberpr\u00fcft die \u00dcbungseinheiten.<\/p>\n<\/div><\/section><\/p><\/div>\n\n<style type=\"text\/css\" data-created_by=\"avia_inline_auto\" id=\"style-css-av-759h2a-c51b4100c793b604129d292dcdce7e83\">\n.flex_column.av-759h2a-c51b4100c793b604129d292dcdce7e83{\nborder-radius:0px 0px 0px 0px;\npadding:0px 0px 0px 0px;\n}\n<\/style>\n<div  class='flex_column av-759h2a-c51b4100c793b604129d292dcdce7e83 av_one_half  avia-builder-el-8  el_after_av_one_half  el_before_av_layout_row  avia-builder-el-last  flex_column_div av-animated-generic bottom-to-top av-zero-column-padding  '     ><p>\n<style type=\"text\/css\" data-created_by=\"avia_inline_auto\" id=\"style-css-av-410sr1-c2eb2f85f12e29cf41976c41e74a3ea9\">\n#top .av-special-heading.av-410sr1-c2eb2f85f12e29cf41976c41e74a3ea9{\npadding-bottom:20px;\ncolor:#4c5654;\nfont-size:22px;\n}\nbody .av-special-heading.av-410sr1-c2eb2f85f12e29cf41976c41e74a3ea9 .av-special-heading-tag .heading-char{\nfont-size:25px;\n}\n#top #wrap_all .av-special-heading.av-410sr1-c2eb2f85f12e29cf41976c41e74a3ea9 .av-special-heading-tag{\nfont-size:22px;\n}\n.av-special-heading.av-410sr1-c2eb2f85f12e29cf41976c41e74a3ea9 .special-heading-inner-border{\nborder-color:#4c5654;\n}\n.av-special-heading.av-410sr1-c2eb2f85f12e29cf41976c41e74a3ea9 .av-subheading{\nfont-size:15px;\n}\n\n@media only screen and (min-width: 480px) and (max-width: 767px){ \n#top #wrap_all .av-special-heading.av-410sr1-c2eb2f85f12e29cf41976c41e74a3ea9 .av-special-heading-tag{\nfont-size:0.8em;\n}\n}\n\n@media only screen and (max-width: 479px){ \n#top #wrap_all .av-special-heading.av-410sr1-c2eb2f85f12e29cf41976c41e74a3ea9 .av-special-heading-tag{\nfont-size:0.8em;\n}\n}\n<\/style>\n<div  class='av-special-heading av-410sr1-c2eb2f85f12e29cf41976c41e74a3ea9 av-special-heading-h3 custom-color-heading blockquote modern-quote modern-centered  avia-builder-el-9  el_before_av_textblock  avia-builder-el-first  av-inherit-size'><h3 class='av-special-heading-tag '  itemprop=\"headline\"  >Craniofacial Kinetics<\/h3><div class=\"special-heading-border\"><div class=\"special-heading-inner-border\"><\/div><\/div><\/div><br \/>\n<section  class='av_textblock_section av-6stxya-fc163709a5536bb01c964b6f8069b44f '   itemscope=\"itemscope\" itemtype=\"https:\/\/schema.org\/CreativeWork\" ><div class='avia_textblock'  itemprop=\"text\" ><p>Das ganzheitliche Training im Rahmen von craniofacial Kinetics entspricht dem Therapieschema der Universit\u00e4t Basel. Stimmulation, K\u00f6rperwahrnehmung und Aufrichtung begleiten die kieferorthop\u00e4dische Fr\u00fchbehandlung. Das myofunktionelle Training wird mit Hilfsmitteln wie z.B. dem Lipptrainer und B\u00e4llen unterst\u00fctzt. Ein Therapeutenteam unterst\u00fctzt uns bei der Arbeit direkt in unserer Praxis. \u201eSanft aber wirksam\u201c ist hier die Devise.<\/p>\n<\/div><\/section><\/p><\/div>\n<\/div><\/div><\/div><!-- close content main div --><\/div><\/div><div id='av-layout-grid-2'  class='av-layout-grid-container av-18ypei-dbb3dbff3c50e588c840adfe06613839 entry-content-wrapper main_color av-flex-cells  avia-builder-el-11  el_after_av_one_half  el_before_av_hr  grid-row-not-first  container_wrap fullsize'  >\n\n<style type=\"text\/css\" data-created_by=\"avia_inline_auto\" id=\"style-css-av-cd3ua2-5408e3f15812ff4e7c724462932c0e40\">\n.flex_cell.av-cd3ua2-5408e3f15812ff4e7c724462932c0e40{\nvertical-align:top;\nheight:350px;\nmin-height:350px;\nbackground:url(https:\/\/www.drricken.de\/wp-content\/uploads\/2018\/11\/koale-club-1030x1030.jpg) 50% 0% no-repeat scroll #628b94;\n}\n.responsive #top #wrap_all .flex_cell.av-cd3ua2-5408e3f15812ff4e7c724462932c0e40{\npadding:0px 0px 0px 0px !important;\n}\n<\/style>\n<div class='flex_cell av-cd3ua2-5408e3f15812ff4e7c724462932c0e40 av-gridrow-cell av_one_half no_margin  avia-builder-el-12  el_before_av_cell_one_half  avia-builder-el-first  content-align-top av-zero-padding avia-full-stretch'  ><div class='flex_cell_inner'><\/div><\/div>\n<style type=\"text\/css\" data-created_by=\"avia_inline_auto\" id=\"style-css-av-c65y4y-948bc5a88c33fda3851e751afed8748e\">\n.flex_cell.av-c65y4y-948bc5a88c33fda3851e751afed8748e{\nvertical-align:middle;\nheight:350px;\nmin-height:350px;\nbackground-color:#e8e8e8;\n}\n.responsive #top #wrap_all .flex_cell.av-c65y4y-948bc5a88c33fda3851e751afed8748e{\npadding:80px 80px 80px 80px !important;\n}\n<\/style>\n<div class='flex_cell av-c65y4y-948bc5a88c33fda3851e751afed8748e av-gridrow-cell av_one_half no_margin  avia-builder-el-13  el_after_av_cell_one_half  avia-builder-el-last  flexcellmobile content-align-middle'  ><div class='flex_cell_inner'><p>\n<style type=\"text\/css\" data-created_by=\"avia_inline_auto\" id=\"style-css-av-24sqjh-353c471aa191ae59a53d790e1822bb4f\">\n#top .av-special-heading.av-24sqjh-353c471aa191ae59a53d790e1822bb4f{\npadding-bottom:25px;\ncolor:#628b94;\nfont-size:22px;\n}\nbody .av-special-heading.av-24sqjh-353c471aa191ae59a53d790e1822bb4f .av-special-heading-tag .heading-char{\nfont-size:25px;\n}\n#top #wrap_all .av-special-heading.av-24sqjh-353c471aa191ae59a53d790e1822bb4f .av-special-heading-tag{\nfont-size:22px;\n}\n.av-special-heading.av-24sqjh-353c471aa191ae59a53d790e1822bb4f .special-heading-inner-border{\nborder-color:#628b94;\n}\n.av-special-heading.av-24sqjh-353c471aa191ae59a53d790e1822bb4f .av-subheading{\nfont-size:15px;\n}\n\n@media only screen and (min-width: 480px) and (max-width: 767px){ \n#top #wrap_all .av-special-heading.av-24sqjh-353c471aa191ae59a53d790e1822bb4f .av-special-heading-tag{\nfont-size:0.8em;\n}\n}\n\n@media only screen and (max-width: 479px){ \n#top #wrap_all .av-special-heading.av-24sqjh-353c471aa191ae59a53d790e1822bb4f .av-special-heading-tag{\nfont-size:0.8em;\n}\n}\n<\/style>\n<div  class='av-special-heading av-24sqjh-353c471aa191ae59a53d790e1822bb4f av-special-heading-h1 custom-color-heading blockquote modern-quote modern-centered  avia-builder-el-14  el_before_av_textblock  avia-builder-el-first  av-inherit-size'><h1 class='av-special-heading-tag '  itemprop=\"headline\"  >Der K.o.a.l.a &#8211; Club<\/h1><div class=\"special-heading-border\"><div class=\"special-heading-inner-border\"><\/div><\/div><\/div><br \/>\n\n<style type=\"text\/css\" data-created_by=\"avia_inline_auto\" id=\"style-css-av-qpj36o-16956e20f10fbabe1a5a4db96daf84ee\">\n#top .av_textblock_section.av-qpj36o-16956e20f10fbabe1a5a4db96daf84ee .avia_textblock{\ncolor:#628b94;\n}\n<\/style>\n<section  class='av_textblock_section av-qpj36o-16956e20f10fbabe1a5a4db96daf84ee '   itemscope=\"itemscope\" itemtype=\"https:\/\/schema.org\/CreativeWork\" ><div class='avia_textblock av_inherit_color'  itemprop=\"text\" ><p style=\"text-align: center;\">Ein Training f\u00fcr gerade Z\u00e4hne. Die Azubis erfahren am eigenen K\u00f6rper, wie sich das spielerische Training w\u00e4hrend der Fr\u00fchbehandlung im K.o.a.l.a -Club auf die Lippen- und Lungenfunktion auswirkt.<\/p>\n<\/div><\/section><\/p>\n<\/div><\/div>\n<\/div><div id='after_grid_row_2'  class='main_color av_default_container_wrap container_wrap fullsize'  ><div class='container av-section-cont-open' ><div class='template-page content  av-content-full alpha units'><div class='post-entry post-entry-type-page post-entry-3053'><div class='entry-content-wrapper clearfix'>\n\n<style type=\"text\/css\" data-created_by=\"avia_inline_auto\" id=\"style-css-av-7anguy-da0b6fdb4b9fb15eb26759d4670a4c79\">\n#top .hr.av-7anguy-da0b6fdb4b9fb15eb26759d4670a4c79{\nmargin-top:40px;\nmargin-bottom:5px;\n}\n.hr.av-7anguy-da0b6fdb4b9fb15eb26759d4670a4c79 .hr-inner{\nwidth:50px;\nborder-color:#628b94;\n}\n<\/style>\n<div  class='hr av-7anguy-da0b6fdb4b9fb15eb26759d4670a4c79 hr-custom  avia-builder-el-16  el_after_av_layout_row  el_before_av_section  avia-builder-el-no-sibling  hr-center hr-icon-no'><span class='hr-inner inner-border-av-border-fat'><span class=\"hr-inner-style\"><\/span><\/span><\/div>\n<\/div><\/div><\/div><!-- close content main div --><\/div><\/div><div id='av_section_1'  class='avia-section av-c276h6-ec87a0966b654f1bad78906ac1cf0dcb main_color avia-section-huge avia-no-border-styling  avia-builder-el-17  el_after_av_hr  avia-builder-el-last  avia-bg-style-scroll container_wrap fullsize'  ><div class='container av-section-cont-open' ><div class='template-page content  av-content-full alpha units'><div class='post-entry post-entry-type-page post-entry-3053'><div class='entry-content-wrapper clearfix'>\n<div class='flex_column_table av-9ur522-8fd7510e3d81ca91ed73c85bf0cc653c sc-av_one_third av-equal-height-column-flextable'>\n<style type=\"text\/css\" data-created_by=\"avia_inline_auto\" id=\"style-css-av-9ur522-8fd7510e3d81ca91ed73c85bf0cc653c\">\n#top .flex_column_table.av-equal-height-column-flextable.av-9ur522-8fd7510e3d81ca91ed73c85bf0cc653c{\nmargin-top:-200px;\nmargin-bottom:0px;\n}\n.flex_column.av-9ur522-8fd7510e3d81ca91ed73c85bf0cc653c{\nborder-radius:0px 0px 0px 0px;\npadding:40px 40px 40px 40px;\nbackground-color:#f0efef;\n}\n<\/style>\n<div  class='flex_column av-9ur522-8fd7510e3d81ca91ed73c85bf0cc653c av_one_third  avia-builder-el-18  el_before_av_one_third  avia-builder-el-first  first no_margin flex_column_table_cell av-equal-height-column av-align-top  '     ><style type=\"text\/css\" data-created_by=\"avia_inline_auto\" id=\"style-css-av-aefjde-1eb94c48153b8bf03c457cd76f88e97a\">\n#top .av_textblock_section.av-aefjde-1eb94c48153b8bf03c457cd76f88e97a .avia_textblock{\ncolor:#628b94;\n}\n<\/style>\n<section  class='av_textblock_section av-aefjde-1eb94c48153b8bf03c457cd76f88e97a '   itemscope=\"itemscope\" itemtype=\"https:\/\/schema.org\/CreativeWork\" ><div class='avia_textblock av_inherit_color'  itemprop=\"text\" ><h4 style=\"text-align: center;\">Konzept<\/h4>\n<p style=\"text-align: center;\">Das besondere Konzept<\/p>\n<\/div><\/section><br \/>\n\n<style type=\"text\/css\" data-created_by=\"avia_inline_auto\" id=\"style-css-av-wzf62-c5ca7ef781ca7a0042b6804b080b324b\">\n#top .hr.hr-invisible.av-wzf62-c5ca7ef781ca7a0042b6804b080b324b{\nheight:8px;\n}\n<\/style>\n<div  class='hr av-wzf62-c5ca7ef781ca7a0042b6804b080b324b hr-invisible  avia-builder-el-20  el_after_av_textblock  el_before_av_button '><span class='hr-inner '><span class=\"hr-inner-style\"><\/span><\/span><\/div><br \/>\n<div  class='avia-button-wrap av-93bjte-8a8ba7b292178fd11684f26ba2bf21e6-wrap avia-button-center  avia-builder-el-21  el_after_av_hr  avia-builder-el-last '>\n<style type=\"text\/css\" data-created_by=\"avia_inline_auto\" id=\"style-css-av-93bjte-8a8ba7b292178fd11684f26ba2bf21e6\">\n#top #wrap_all .avia-button.av-93bjte-8a8ba7b292178fd11684f26ba2bf21e6{\nbackground-color:#f0efef;\nborder-color:#f0efef;\ncolor:#628b94;\ntransition:all 0.4s ease-in-out;\n}\n#top #wrap_all .avia-button.av-93bjte-8a8ba7b292178fd11684f26ba2bf21e6 .avia-svg-icon svg:first-child{\nfill:#628b94;\nstroke:#628b94;\n}\n<\/style>\n<a href='https:\/\/www.drricken.de\/konzept\/'  class='avia-button av-93bjte-8a8ba7b292178fd11684f26ba2bf21e6 av-link-btn avia-icon_select-no avia-size-medium avia-position-center'   aria-label=\"Mehr erfahren\"><span class='avia_iconbox_title' >Mehr erfahren<\/span><\/a><\/div><\/p><\/div>\n<style type=\"text\/css\" data-created_by=\"avia_inline_auto\" id=\"style-css-av-atsvwa-307913fd5f1f831162c71ea85d0bc3ca\">\n#top .flex_column_table.av-equal-height-column-flextable.av-atsvwa-307913fd5f1f831162c71ea85d0bc3ca{\nmargin-top:-200px;\nmargin-bottom:0px;\n}\n.flex_column.av-atsvwa-307913fd5f1f831162c71ea85d0bc3ca{\nborder-radius:0px 0px 0px 0px;\npadding:40px 40px 40px 40px;\nbackground-color:#eff3f6;\n}\n<\/style>\n<div  class='flex_column av-atsvwa-307913fd5f1f831162c71ea85d0bc3ca av_one_third  avia-builder-el-22  el_after_av_one_third  el_before_av_one_third  no_margin flex_column_table_cell av-equal-height-column av-align-top  '     ><style type=\"text\/css\" data-created_by=\"avia_inline_auto\" id=\"style-css-av-9df63e-33753d4b0b801e2a20dd2860f9983f1e\">\n#top .av_textblock_section.av-9df63e-33753d4b0b801e2a20dd2860f9983f1e .avia_textblock{\ncolor:#628b94;\n}\n<\/style>\n<section  class='av_textblock_section av-9df63e-33753d4b0b801e2a20dd2860f9983f1e '   itemscope=\"itemscope\" itemtype=\"https:\/\/schema.org\/CreativeWork\" ><div class='avia_textblock av_inherit_color'  itemprop=\"text\" ><h4 style=\"text-align: center;\">Dialog<\/h4>\n<p style=\"text-align: center;\">Kiefer und K\u00f6rper<\/p>\n<\/div><\/section><br \/>\n\n<style type=\"text\/css\" data-created_by=\"avia_inline_auto\" id=\"style-css-av-a5xeje-f4b0c012b8546583b30b6bcf6458b8c6\">\n#top .hr.hr-invisible.av-a5xeje-f4b0c012b8546583b30b6bcf6458b8c6{\nheight:8px;\n}\n<\/style>\n<div  class='hr av-a5xeje-f4b0c012b8546583b30b6bcf6458b8c6 hr-invisible  avia-builder-el-24  el_after_av_textblock  el_before_av_button '><span class='hr-inner '><span class=\"hr-inner-style\"><\/span><\/span><\/div><br \/>\n<div  class='avia-button-wrap av-a35sw2-7f88dfeb26697c890294f49762279a04-wrap avia-button-center  avia-builder-el-25  el_after_av_hr  avia-builder-el-last '>\n<style type=\"text\/css\" data-created_by=\"avia_inline_auto\" id=\"style-css-av-a35sw2-7f88dfeb26697c890294f49762279a04\">\n#top #wrap_all .avia-button.av-a35sw2-7f88dfeb26697c890294f49762279a04{\nbackground-color:#eff3f6;\nborder-color:#eff3f6;\ncolor:#628b94;\ntransition:all 0.4s ease-in-out;\n}\n#top #wrap_all .avia-button.av-a35sw2-7f88dfeb26697c890294f49762279a04 .avia-svg-icon svg:first-child{\nfill:#628b94;\nstroke:#628b94;\n}\n<\/style>\n<a href='https:\/\/www.drricken.de\/ganzheitlicher-dialog\/'  class='avia-button av-a35sw2-7f88dfeb26697c890294f49762279a04 av-link-btn avia-icon_select-no avia-size-medium avia-position-center'   aria-label=\"Mehr erfahren\"><span class='avia_iconbox_title' >Mehr erfahren<\/span><\/a><\/div><\/p><\/div>\n<style type=\"text\/css\" data-created_by=\"avia_inline_auto\" id=\"style-css-av-brd06i-c78ec8e004152380ab4ea4c334e6ced3\">\n#top .flex_column_table.av-equal-height-column-flextable.av-brd06i-c78ec8e004152380ab4ea4c334e6ced3{\nmargin-top:-200px;\nmargin-bottom:0px;\n}\n.flex_column.av-brd06i-c78ec8e004152380ab4ea4c334e6ced3{\nborder-radius:0px 0px 0px 0px;\npadding:40px 40px 40px 40px;\nbackground-color:#f1f8fb;\n}\n<\/style>\n<div  class='flex_column av-brd06i-c78ec8e004152380ab4ea4c334e6ced3 av_one_third  avia-builder-el-26  el_after_av_one_third  avia-builder-el-last  no_margin flex_column_table_cell av-equal-height-column av-align-top  '     ><style type=\"text\/css\" data-created_by=\"avia_inline_auto\" id=\"style-css-av-bege3m-616274a856f478c9e8eda5b029d8441d\">\n#top .av_textblock_section.av-bege3m-616274a856f478c9e8eda5b029d8441d .avia_textblock{\ncolor:#628b94;\n}\n<\/style>\n<section  class='av_textblock_section av-bege3m-616274a856f478c9e8eda5b029d8441d '   itemscope=\"itemscope\" itemtype=\"https:\/\/schema.org\/CreativeWork\" ><div class='avia_textblock av_inherit_color'  itemprop=\"text\" ><h4 style=\"text-align: center;\">Kinderbehandlung<\/h4>\n<p style=\"text-align: center;\">Je eher desto\u00a0 besser<\/p>\n<\/div><\/section><br \/>\n\n<style type=\"text\/css\" data-created_by=\"avia_inline_auto\" id=\"style-css-av-b4p1ya-59bbce758ce41e68e91b27819ca7bab8\">\n#top .hr.hr-invisible.av-b4p1ya-59bbce758ce41e68e91b27819ca7bab8{\nheight:8px;\n}\n<\/style>\n<div  class='hr av-b4p1ya-59bbce758ce41e68e91b27819ca7bab8 hr-invisible  avia-builder-el-28  el_after_av_textblock  el_before_av_button '><span class='hr-inner '><span class=\"hr-inner-style\"><\/span><\/span><\/div><br \/>\n<div  class='avia-button-wrap av-13svl6-476e4a8985cb50729ddbbde1b332ea8e-wrap avia-button-center  avia-builder-el-29  el_after_av_hr  avia-builder-el-last '>\n<style type=\"text\/css\" data-created_by=\"avia_inline_auto\" id=\"style-css-av-13svl6-476e4a8985cb50729ddbbde1b332ea8e\">\n#top #wrap_all .avia-button.av-13svl6-476e4a8985cb50729ddbbde1b332ea8e{\nbackground-color:#f1f8fb;\nborder-color:#f1f8fb;\ncolor:#628b94;\ntransition:all 0.4s ease-in-out;\n}\n#top #wrap_all .avia-button.av-13svl6-476e4a8985cb50729ddbbde1b332ea8e .avia-svg-icon svg:first-child{\nfill:#628b94;\nstroke:#628b94;\n}\n<\/style>\n<a href='https:\/\/www.drricken.de\/kieferorthopaedie-kinder-teenies\/'  class='avia-button av-13svl6-476e4a8985cb50729ddbbde1b332ea8e av-link-btn avia-icon_select-no avia-size-medium avia-position-center'   aria-label=\"Mehr erfahren\"><span class='avia_iconbox_title' >Mehr erfahren<\/span><\/a><\/div><\/p><\/div><\/div><!--close column table wrapper. Autoclose: 1 -->\n\n","protected":false},"excerpt":{"rendered":"","protected":false},"author":1,"featured_media":0,"parent":0,"menu_order":105,"comment_status":"closed","ping_status":"closed","template":"","meta":{"footnotes":""},"class_list":["post-3053","page","type-page","status-publish","hentry"],"_links":{"self":[{"href":"https:\/\/www.drricken.de\/en\/wp-json\/wp\/v2\/pages\/3053","targetHints":{"allow":["GET"]}}],"collection":[{"href":"https:\/\/www.drricken.de\/en\/wp-json\/wp\/v2\/pages"}],"about":[{"href":"https:\/\/www.drricken.de\/en\/wp-json\/wp\/v2\/types\/page"}],"author":[{"embeddable":true,"href":"https:\/\/www.drricken.de\/en\/wp-json\/wp\/v2\/users\/1"}],"replies":[{"embeddable":true,"href":"https:\/\/www.drricken.de\/en\/wp-json\/wp\/v2\/comments?post=3053"}],"version-history":[{"count":2,"href":"https:\/\/www.drricken.de\/en\/wp-json\/wp\/v2\/pages\/3053\/revisions"}],"predecessor-version":[{"id":3055,"href":"https:\/\/www.drricken.de\/en\/wp-json\/wp\/v2\/pages\/3053\/revisions\/3055"}],"wp:attachment":[{"href":"https:\/\/www.drricken.de\/en\/wp-json\/wp\/v2\/media?parent=3053"}],"curies":[{"name":"wp","href":"https:\/\/api.w.org\/{rel}","templated":true}]}}