{"id":3076,"date":"2018-11-05T14:03:39","date_gmt":"2018-11-05T13:03:39","guid":{"rendered":"https:\/\/www.drricken.de\/aesthetik\/"},"modified":"2020-01-01T23:30:00","modified_gmt":"2020-01-01T22:30:00","slug":"function","status":"publish","type":"page","link":"https:\/\/www.drricken.de\/en\/function\/","title":{"rendered":"Function"},"content":{"rendered":"<div id='av-layout-grid-1'  class='av-layout-grid-container av-ti6f00-66e668b999a6b398997ef3bc95bda3b7 entry-content-wrapper main_color av-flex-cells  avia-builder-el-0  el_before_av_one_half  avia-builder-el-first   container_wrap fullsize'  >\n\n<style type=\"text\/css\" data-created_by=\"avia_inline_auto\" id=\"style-css-av-jo5yl8j0-9bcb49160ae820818c242308d478140c\">\n.flex_cell.av-jo5yl8j0-9bcb49160ae820818c242308d478140c{\nvertical-align:middle;\nheight:300px;\nmin-height:300px;\nbackground:url(https:\/\/www.drricken.de\/wp-content\/uploads\/2018\/11\/Lmbweb18.jpg) 50% 50% no-repeat scroll #628b94;\n}\n.responsive #top #wrap_all .flex_cell.av-jo5yl8j0-9bcb49160ae820818c242308d478140c{\npadding:0px 0px 0px 0px !important;\n}\n<\/style>\n<div class='flex_cell av-jo5yl8j0-9bcb49160ae820818c242308d478140c av-gridrow-cell av_one_half no_margin  avia-builder-el-1  el_before_av_cell_one_half  avia-builder-el-first  content-align-middle av-zero-padding avia-full-stretch'  ><div class='flex_cell_inner'><\/div><\/div>\n<style type=\"text\/css\" data-created_by=\"avia_inline_auto\" id=\"style-css-av-jo5ylfiu-665a2f2faaae2855156377a962d82ca6\">\n.flex_cell.av-jo5ylfiu-665a2f2faaae2855156377a962d82ca6{\nvertical-align:middle;\nheight:300px;\nmin-height:300px;\nbackground-color:#e8e8e8;\n}\n.responsive #top #wrap_all .flex_cell.av-jo5ylfiu-665a2f2faaae2855156377a962d82ca6{\npadding:80px 80px 80px 80px !important;\n}\n<\/style>\n<div class='flex_cell av-jo5ylfiu-665a2f2faaae2855156377a962d82ca6 av-gridrow-cell av_one_half no_margin  avia-builder-el-2  el_after_av_cell_one_half  avia-builder-el-last  flexcellmobile content-align-middle'  ><div class='flex_cell_inner'>\n<style type=\"text\/css\" data-created_by=\"avia_inline_auto\" id=\"style-css-av-k4vvezdu-cadff60720fab6e0026e1781f0fad873\">\n#top .av-special-heading.av-k4vvezdu-cadff60720fab6e0026e1781f0fad873{\npadding-bottom:25px;\ncolor:#628b94;\nfont-size:34px;\n}\nbody .av-special-heading.av-k4vvezdu-cadff60720fab6e0026e1781f0fad873 .av-special-heading-tag .heading-char{\nfont-size:25px;\n}\n#top #wrap_all .av-special-heading.av-k4vvezdu-cadff60720fab6e0026e1781f0fad873 .av-special-heading-tag{\nfont-size:34px;\n}\n.av-special-heading.av-k4vvezdu-cadff60720fab6e0026e1781f0fad873 .special-heading-inner-border{\nborder-color:#628b94;\n}\n.av-special-heading.av-k4vvezdu-cadff60720fab6e0026e1781f0fad873 .av-subheading{\nfont-size:15px;\n}\n\n@media only screen and (min-width: 480px) and (max-width: 767px){ \n#top #wrap_all .av-special-heading.av-k4vvezdu-cadff60720fab6e0026e1781f0fad873 .av-special-heading-tag{\nfont-size:0.8em;\n}\n}\n\n@media only screen and (max-width: 479px){ \n#top #wrap_all .av-special-heading.av-k4vvezdu-cadff60720fab6e0026e1781f0fad873 .av-special-heading-tag{\nfont-size:0.8em;\n}\n}\n<\/style>\n<div  class='av-special-heading av-k4vvezdu-cadff60720fab6e0026e1781f0fad873 av-special-heading-h1 custom-color-heading blockquote modern-quote modern-centered  avia-builder-el-3  avia-builder-el-no-sibling  av-inherit-size'><h1 class='av-special-heading-tag '  itemprop=\"headline\"  >Function<\/h1><div class='av_custom_color av-subheading av-subheading_below'><p>F\u00fcr den ersten Eindruck gibt es keine zweite Chance.<\/p>\n<\/div><div class=\"special-heading-border\"><div class=\"special-heading-inner-border\"><\/div><\/div><\/div>\n<\/div><\/div><\/div><div id='after_grid_row_1'  class='main_color av_default_container_wrap container_wrap fullsize'  ><div class='container av-section-cont-open' ><div class='template-page content  av-content-full alpha units'><div class='post-entry post-entry-type-page post-entry-3076'><div class='entry-content-wrapper clearfix'>\n<style type=\"text\/css\" data-created_by=\"avia_inline_auto\" id=\"style-css-av-6qte2i-fe1a05c6a2c4e9e7267cfeffa9b6ff78\">\n.flex_column.av-6qte2i-fe1a05c6a2c4e9e7267cfeffa9b6ff78{\nborder-radius:0px 0px 0px 0px;\npadding:0px 0px 0px 0px;\n}\n<\/style>\n<div  class='flex_column av-6qte2i-fe1a05c6a2c4e9e7267cfeffa9b6ff78 av_one_half  avia-builder-el-4  el_after_av_layout_row  el_before_av_one_half  avia-builder-el-first  first flex_column_div av-animated-generic bottom-to-top av-zero-column-padding  '     ><p>\n<style type=\"text\/css\" data-created_by=\"avia_inline_auto\" id=\"style-css-av-2rkll0-fb6d69caeffb9d84725270b0310b3866\">\n#top .av-special-heading.av-2rkll0-fb6d69caeffb9d84725270b0310b3866{\npadding-bottom:20px;\ncolor:#4c5654;\nfont-size:22px;\n}\nbody .av-special-heading.av-2rkll0-fb6d69caeffb9d84725270b0310b3866 .av-special-heading-tag .heading-char{\nfont-size:25px;\n}\n#top #wrap_all .av-special-heading.av-2rkll0-fb6d69caeffb9d84725270b0310b3866 .av-special-heading-tag{\nfont-size:22px;\n}\n.av-special-heading.av-2rkll0-fb6d69caeffb9d84725270b0310b3866 .special-heading-inner-border{\nborder-color:#4c5654;\n}\n.av-special-heading.av-2rkll0-fb6d69caeffb9d84725270b0310b3866 .av-subheading{\nfont-size:15px;\n}\n\n@media only screen and (min-width: 480px) and (max-width: 767px){ \n#top #wrap_all .av-special-heading.av-2rkll0-fb6d69caeffb9d84725270b0310b3866 .av-special-heading-tag{\nfont-size:0.8em;\n}\n}\n\n@media only screen and (max-width: 479px){ \n#top #wrap_all .av-special-heading.av-2rkll0-fb6d69caeffb9d84725270b0310b3866 .av-special-heading-tag{\nfont-size:0.8em;\n}\n}\n<\/style>\n<div  class='av-special-heading av-2rkll0-fb6d69caeffb9d84725270b0310b3866 av-special-heading-h3 custom-color-heading blockquote modern-quote modern-centered  avia-builder-el-5  el_before_av_textblock  avia-builder-el-first  av-inherit-size'><h3 class='av-special-heading-tag '  itemprop=\"headline\"  >Wir planen ihr Gesicht im Goldenen Schnitt<\/h3><div class=\"special-heading-border\"><div class=\"special-heading-inner-border\"><\/div><\/div><\/div><br \/>\n<section  class='av_textblock_section av-6dmvia-378985ed08bac409472386bdcab70959 '   itemscope=\"itemscope\" itemtype=\"https:\/\/schema.org\/CreativeWork\" ><div class='avia_textblock'  itemprop=\"text\" ><p>F\u00fcr ein gewinnendes L\u00e4cheln sind nicht nur sch\u00f6ne Z\u00e4hne verantwortlich sondern, das ganze Gesicht und auch das Profil. Denn es ist, wie alle Proportionen unseres K\u00f6rpers &#8211; nach dem\u00a0<strong>Goldenen Schnitt<\/strong>\u00a0von Leonardo Da\u00b4Vinci aufgebaut. Diese idealen Proportionen finden wir auch in der Gr\u00f6\u00dfe und Form der Z\u00e4hne, sowie in der Form der Lippen wieder. Deshalb ist die Gesichts\u00e4sthetik und die exakte Gestaltung des L\u00e4chelns Teil unserer kieferorthop\u00e4dischen Behandlungsplanung. Wir planen f\u00fcr sie und besprechen anschlie\u00dfend ausf\u00fchrlich mit ihnen den Behandlungsplan.<\/p>\n<\/div><\/section><br \/>\n\n<style type=\"text\/css\" data-created_by=\"avia_inline_auto\" id=\"style-css-av-jo8y56hz-71e547f7253eb80a2615c82d00a3ca72\">\n.avia-image-container.av-jo8y56hz-71e547f7253eb80a2615c82d00a3ca72 img.avia_image{\nbox-shadow:none;\n}\n.avia-image-container.av-jo8y56hz-71e547f7253eb80a2615c82d00a3ca72 .av-image-caption-overlay-center{\ncolor:#ffffff;\n}\n<\/style>\n<div  class='avia-image-container av-jo8y56hz-71e547f7253eb80a2615c82d00a3ca72 av-styling- avia-align-center  avia-builder-el-7  el_after_av_textblock  avia-builder-el-last '   itemprop=\"image\" itemscope=\"itemscope\" itemtype=\"https:\/\/schema.org\/ImageObject\" ><div class=\"avia-image-container-inner\"><div class=\"avia-image-overlay-wrap\"><img decoding=\"async\" fetchpriority=\"high\" class='wp-image-2682 avia-img-lazy-loading-not-2682 avia_image ' src=\"https:\/\/www.drricken.de\/wp-content\/uploads\/2018\/11\/Plaungweb18.jpg\" alt='' title='Plaungweb18'  height=\"840\" width=\"1219\"  itemprop=\"thumbnailUrl\" srcset=\"https:\/\/www.drricken.de\/wp-content\/uploads\/2018\/11\/Plaungweb18.jpg 1219w, https:\/\/www.drricken.de\/wp-content\/uploads\/2018\/11\/Plaungweb18-300x207.jpg 300w, https:\/\/www.drricken.de\/wp-content\/uploads\/2018\/11\/Plaungweb18-768x529.jpg 768w, https:\/\/www.drricken.de\/wp-content\/uploads\/2018\/11\/Plaungweb18-1030x710.jpg 1030w, https:\/\/www.drricken.de\/wp-content\/uploads\/2018\/11\/Plaungweb18-705x486.jpg 705w, https:\/\/www.drricken.de\/wp-content\/uploads\/2018\/11\/Plaungweb18-450x310.jpg 450w\" sizes=\"(max-width: 1219px) 100vw, 1219px\" \/><\/div><\/div><\/div><\/p><\/div><\/p>\n\n<style type=\"text\/css\" data-created_by=\"avia_inline_auto\" id=\"style-css-av-759h2a-c51b4100c793b604129d292dcdce7e83\">\n.flex_column.av-759h2a-c51b4100c793b604129d292dcdce7e83{\nborder-radius:0px 0px 0px 0px;\npadding:0px 0px 0px 0px;\n}\n<\/style>\n<div  class='flex_column av-759h2a-c51b4100c793b604129d292dcdce7e83 av_one_half  avia-builder-el-8  el_after_av_one_half  el_before_av_hr  flex_column_div av-animated-generic bottom-to-top av-zero-column-padding  '     ><p>\n<style type=\"text\/css\" data-created_by=\"avia_inline_auto\" id=\"style-css-av-jon7bgxv-e6391a879c5b7c6fc7d3711e5bbdc9ff\">\n#top .av-special-heading.av-jon7bgxv-e6391a879c5b7c6fc7d3711e5bbdc9ff{\npadding-bottom:20px;\ncolor:#4c5654;\nfont-size:22px;\n}\nbody .av-special-heading.av-jon7bgxv-e6391a879c5b7c6fc7d3711e5bbdc9ff .av-special-heading-tag .heading-char{\nfont-size:25px;\n}\n#top #wrap_all .av-special-heading.av-jon7bgxv-e6391a879c5b7c6fc7d3711e5bbdc9ff .av-special-heading-tag{\nfont-size:22px;\n}\n.av-special-heading.av-jon7bgxv-e6391a879c5b7c6fc7d3711e5bbdc9ff .special-heading-inner-border{\nborder-color:#4c5654;\n}\n.av-special-heading.av-jon7bgxv-e6391a879c5b7c6fc7d3711e5bbdc9ff .av-subheading{\nfont-size:15px;\n}\n\n@media only screen and (min-width: 480px) and (max-width: 767px){ \n#top #wrap_all .av-special-heading.av-jon7bgxv-e6391a879c5b7c6fc7d3711e5bbdc9ff .av-special-heading-tag{\nfont-size:0.8em;\n}\n}\n\n@media only screen and (max-width: 479px){ \n#top #wrap_all .av-special-heading.av-jon7bgxv-e6391a879c5b7c6fc7d3711e5bbdc9ff .av-special-heading-tag{\nfont-size:0.8em;\n}\n}\n<\/style>\n<div  class='av-special-heading av-jon7bgxv-e6391a879c5b7c6fc7d3711e5bbdc9ff av-special-heading-h3 custom-color-heading blockquote modern-quote modern-centered  avia-builder-el-9  el_before_av_textblock  avia-builder-el-first  av-inherit-size'><h3 class='av-special-heading-tag '  itemprop=\"headline\"  >Mehr Symmetrie, mehr Profil: sanfte Gesichtskorrektur<\/h3><div class=\"special-heading-border\"><div class=\"special-heading-inner-border\"><\/div><\/div><\/div><br \/>\n<section  class='av_textblock_section av-6stxya-fc163709a5536bb01c964b6f8069b44f '   itemscope=\"itemscope\" itemtype=\"https:\/\/schema.org\/CreativeWork\" ><div class='avia_textblock'  itemprop=\"text\" ><p>Nicht immer ist das Gesicht symmetrisch, die Mundhaltung perfekt und das Lippenprofil harmonisch.Unsere langj\u00e4hrige Erfahrung im Bereich der Erwachsenen-Kieferorthop\u00e4die bietet hervorragende L\u00f6sungen, Disharmonien\u00a0zu verbessern und eine perfekte Gesichtharmonie zu erreichen. Wir planen mit ihnen gemeinsam ein sch\u00f6nes Profil.<\/p>\n<\/div><\/section><br \/>\n\n<style type=\"text\/css\" data-created_by=\"avia_inline_auto\" id=\"style-css-av-jo8y56hz-a8048fd0c62a1f927c5dab1d7d4338ed\">\n.avia-image-container.av-jo8y56hz-a8048fd0c62a1f927c5dab1d7d4338ed img.avia_image{\nbox-shadow:none;\n}\n.avia-image-container.av-jo8y56hz-a8048fd0c62a1f927c5dab1d7d4338ed .av-image-caption-overlay-center{\ncolor:#ffffff;\n}\n<\/style>\n<div  class='avia-image-container av-jo8y56hz-a8048fd0c62a1f927c5dab1d7d4338ed av-styling- avia-align-center  avia-builder-el-11  el_after_av_textblock  avia-builder-el-last '   itemprop=\"image\" itemscope=\"itemscope\" itemtype=\"https:\/\/schema.org\/ImageObject\" ><div class=\"avia-image-container-inner\"><div class=\"avia-image-overlay-wrap\"><img decoding=\"async\" fetchpriority=\"high\" class='wp-image-2653 avia-img-lazy-loading-not-2653 avia_image ' src=\"https:\/\/www.drricken.de\/wp-content\/uploads\/2018\/11\/Profilweb182r.jpg\" alt='' title='Profilweb182r'  height=\"1520\" width=\"1588\"  itemprop=\"thumbnailUrl\" srcset=\"https:\/\/www.drricken.de\/wp-content\/uploads\/2018\/11\/Profilweb182r.jpg 1588w, https:\/\/www.drricken.de\/wp-content\/uploads\/2018\/11\/Profilweb182r-300x287.jpg 300w, https:\/\/www.drricken.de\/wp-content\/uploads\/2018\/11\/Profilweb182r-768x735.jpg 768w, https:\/\/www.drricken.de\/wp-content\/uploads\/2018\/11\/Profilweb182r-1030x986.jpg 1030w, https:\/\/www.drricken.de\/wp-content\/uploads\/2018\/11\/Profilweb182r-1500x1436.jpg 1500w, https:\/\/www.drricken.de\/wp-content\/uploads\/2018\/11\/Profilweb182r-705x675.jpg 705w, https:\/\/www.drricken.de\/wp-content\/uploads\/2018\/11\/Profilweb182r-450x431.jpg 450w\" sizes=\"(max-width: 1588px) 100vw, 1588px\" \/><\/div><\/div><\/div><\/p><\/div>\n\n<style type=\"text\/css\" data-created_by=\"avia_inline_auto\" id=\"style-css-av-7anguy-da0b6fdb4b9fb15eb26759d4670a4c79\">\n#top .hr.av-7anguy-da0b6fdb4b9fb15eb26759d4670a4c79{\nmargin-top:40px;\nmargin-bottom:5px;\n}\n.hr.av-7anguy-da0b6fdb4b9fb15eb26759d4670a4c79 .hr-inner{\nwidth:50px;\nborder-color:#628b94;\n}\n<\/style>\n<div  class='hr av-7anguy-da0b6fdb4b9fb15eb26759d4670a4c79 hr-custom  avia-builder-el-12  el_after_av_one_half  el_before_av_one_fifth  hr-center hr-icon-no'><span class='hr-inner inner-border-av-border-fat'><span class=\"hr-inner-style\"><\/span><\/span><\/div>\n\n<style type=\"text\/css\" data-created_by=\"avia_inline_auto\" id=\"style-css-av-8ouyay-4d28f7733afcc905d3252f80f263f901\">\n.flex_column.av-8ouyay-4d28f7733afcc905d3252f80f263f901{\nborder-radius:0px 0px 0px 0px;\npadding:0px 0px 0px 0px;\n}\n<\/style>\n<div  class='flex_column av-8ouyay-4d28f7733afcc905d3252f80f263f901 av_one_fifth  avia-builder-el-13  el_after_av_hr  el_before_av_three_fifth  first flex_column_div av-zero-column-padding  '     ><\/div>\n\n<style type=\"text\/css\" data-created_by=\"avia_inline_auto\" id=\"style-css-av-8ouyay-234c3458a1f7aeb7adc862eb16cffff9\">\n.flex_column.av-8ouyay-234c3458a1f7aeb7adc862eb16cffff9{\nborder-radius:0px 0px 0px 0px;\npadding:0px 0px 0px 0px;\n}\n<\/style>\n<div  class='flex_column av-8ouyay-234c3458a1f7aeb7adc862eb16cffff9 av_three_fifth  avia-builder-el-14  el_after_av_one_fifth  el_before_av_one_fifth  flex_column_div av-zero-column-padding  '     ><section  class='av_textblock_section av-jo8ye33i-4488f4238225f06688db9e037040983f '   itemscope=\"itemscope\" itemtype=\"https:\/\/schema.org\/CreativeWork\" ><div class='avia_textblock'  itemprop=\"text\" ><\/div><\/section><\/div>\n<div  class='flex_column av-8ouyay-014408a7171aed3c7b4a47093a38b1ff av_one_fifth  avia-builder-el-16  el_after_av_three_fifth  el_before_av_testimonials  flex_column_div  '     ><\/div>\n<div  class='avia-testimonial-wrapper av-jo9x03yc-546e16f98d9106bda198f4b0731158d9 avia-grid-testimonials avia-grid-2-testimonials avia_animate_when_almost_visible av-minimal-grid-style av-boxed-grid-style' >\n<section class=\"avia-testimonial-row\"><div class='avia-testimonial av-328864-927916b582aed175550d0c98723a163a avia-testimonial-row-1 avia-first-testimonial flex_column no_margin av_one_half'><div class='avia-testimonial_inner'  itemscope=\"itemscope\" itemtype=\"https:\/\/schema.org\/CreativeWork\" ><div class='avia-testimonial-content '><div class='avia-testimonial-markup-entry-content'  itemprop=\"text\" ><div class=\"iconbox_content_container \" style=\"text-align: center;\">\n<h4>Beispiel eins<\/h4>\n<p style=\"text-align: left;\">Wirkt ein Gesicht sehr ernst, kann das mit einer Zahnfehlstellung zusammenh\u00e4ngen, die auf ein dominantes Unterkieferwachstum hinweist.<\/p>\n<p style=\"text-align: left;\"><strong>Die L\u00f6sung: <\/strong>Eine Nachentwicklung des Oberkiefers l\u00e4sst das Gesicht wesentlich freundlicher erscheinen.<\/p>\n<\/div>\n<\/div><\/div><div class=\"avia-testimonial-meta\"><div class=\"avia-testimonial-arrow-wrap\"><div class=\"avia-arrow\"><\/div><\/div><div class='avia-testimonial-meta-mini'  itemprop=\"author\" itemscope=\"itemscope\" itemtype=\"https:\/\/schema.org\/Person\" ><\/div><\/div><\/div><\/div>\n<div class='avia-testimonial av-656518-9406c97312c49608823d8f14f976c519 avia-testimonial-row-1 avia-last-testimonial flex_column no_margin av_one_half'><div class='avia-testimonial_inner'  itemscope=\"itemscope\" itemtype=\"https:\/\/schema.org\/CreativeWork\" ><div class='avia-testimonial-content '><div class='avia-testimonial-markup-entry-content'  itemprop=\"text\" ><header class=\"entry-content-header\">\n<h4 class=\"iconbox_content_title \" style=\"text-align: center;\">Beispiel zwei<\/h4>\n<\/header>\n<div class=\"iconbox_content_container \">\n<p>Eine deutliche Falte unter dem Kinn und ein faltiger Mund in fr\u00fchen Jahren zeugen von einer R\u00fccklage des Unterkiefers.<\/p>\n<p><strong>Die L\u00f6sung: <\/strong>Dank einer Korrektur sieht das Gesicht wieder smart und harmonisch aus. Diese Korrekturen sind in jedem Alter m\u00f6glich.<\/p>\n<\/div>\n<\/div><\/div><div class=\"avia-testimonial-meta\"><div class=\"avia-testimonial-arrow-wrap\"><div class=\"avia-arrow\"><\/div><\/div><div class='avia-testimonial-meta-mini'  itemprop=\"author\" itemscope=\"itemscope\" itemtype=\"https:\/\/schema.org\/Person\" ><\/div><\/div><\/div><\/div><\/section>\n<section class=\"avia-testimonial-row\"><div class='avia-testimonial av-47qcr0-89a77baec36c545fdf626cb56475f7b8 avia-testimonial-row-2 avia-first-testimonial flex_column no_margin av_one_half'><div class='avia-testimonial_inner'  itemscope=\"itemscope\" itemtype=\"https:\/\/schema.org\/CreativeWork\" ><div class='avia-testimonial-content '><div class='avia-testimonial-markup-entry-content'  itemprop=\"text\" ><h4 class=\"entry-content-header\" style=\"text-align: center;\">Beispiel drei<\/h4>\n<div class=\"iconbox_content_container \" style=\"text-align: center;\">\n<p style=\"text-align: left;\">Formlose Lippen nach dem 40 Lebensjahr?<\/p>\n<p style=\"text-align: left;\"><strong>Die L\u00f6sung: <\/strong>Liplifter oder Faceformer. Schon 5 Minuten t\u00e4glich mit unserem Power-Programm bewirken viel. Auch die Ausformung der oberen Frontz\u00e4hne optimiert das Lippenbild wesentlich und das ganz ohne k\u00fcnstliche Zus\u00e4tze wie Botulinum oder Hyalurons\u00e4ure.<\/p>\n<\/div>\n<\/div><\/div><div class=\"avia-testimonial-meta\"><div class=\"avia-testimonial-arrow-wrap\"><div class=\"avia-arrow\"><\/div><\/div><div class='avia-testimonial-meta-mini'  itemprop=\"author\" itemscope=\"itemscope\" itemtype=\"https:\/\/schema.org\/Person\" ><\/div><\/div><\/div><\/div>\n<div class='avia-testimonial av-48si7g-61a5aaef7c29af311009517172d593c7 avia-testimonial-row-2 avia-last-testimonial flex_column no_margin av_one_half'><div class='avia-testimonial_inner'  itemscope=\"itemscope\" itemtype=\"https:\/\/schema.org\/CreativeWork\" ><div class='avia-testimonial-content '><div class='avia-testimonial-markup-entry-content'  itemprop=\"text\" ><h4 class=\"iconbox_content_title \" style=\"text-align: center;\">Beispiel vier<\/h4>\n<p style=\"text-align: left;\">Schiefe Z\u00e4hne im Frontzahnbereich machen immer \u00e4lter und ungepflegt.<\/p>\n<p style=\"text-align: left;\"><strong>Die L\u00f6sung: <\/strong>Der Frontzahnbogen wird kieferorthop\u00e4disch genau der Lippenharmonie angepasst. Dadurch wirkt das Lachen freundlich und jugendlicher.<\/p>\n<\/div><\/div><div class=\"avia-testimonial-meta\"><div class=\"avia-testimonial-arrow-wrap\"><div class=\"avia-arrow\"><\/div><\/div><div class='avia-testimonial-meta-mini'  itemprop=\"author\" itemscope=\"itemscope\" itemtype=\"https:\/\/schema.org\/Person\" ><\/div><\/div><\/div><\/div><\/section>\n<\/div>\n<\/div><\/div><\/div><!-- close content main div --><\/div><\/div><div id='av-layout-grid-2'  class='av-layout-grid-container av-18ypei-022b42cc78930ccaa62db20030e53bbc entry-content-wrapper main_color av-flex-cells  avia-builder-el-18  el_after_av_testimonials  el_before_av_hr  grid-row-not-first  container_wrap fullsize'  >\n\n<style type=\"text\/css\" data-created_by=\"avia_inline_auto\" id=\"style-css-av-cd3ua2-4116b325c8a9d578e1a58a420e14822d\">\n.flex_cell.av-cd3ua2-4116b325c8a9d578e1a58a420e14822d{\nvertical-align:top;\nheight:300px;\nmin-height:300px;\nbackground:url(https:\/\/www.drricken.de\/wp-content\/uploads\/2018\/11\/man-head-sagittale-bimax@2x-1-845x684.jpg) 50% 50% no-repeat scroll ;\n}\n.responsive #top #wrap_all .flex_cell.av-cd3ua2-4116b325c8a9d578e1a58a420e14822d{\npadding:0px 0px 0px 0px !important;\n}\n<\/style>\n<div class='flex_cell av-cd3ua2-4116b325c8a9d578e1a58a420e14822d av-gridrow-cell av_one_half no_margin  avia-builder-el-19  el_before_av_cell_one_half  avia-builder-el-first  content-align-top av-zero-padding avia-full-contain'  ><div class='flex_cell_inner'><\/div><\/div>\n<style type=\"text\/css\" data-created_by=\"avia_inline_auto\" id=\"style-css-av-c65y4y-0cb7ede71ed832e278916dac214b95b9\">\n.flex_cell.av-c65y4y-0cb7ede71ed832e278916dac214b95b9{\nvertical-align:top;\nheight:300px;\nmin-height:300px;\nbackground-color:#e8e8e8;\n}\n.responsive #top #wrap_all .flex_cell.av-c65y4y-0cb7ede71ed832e278916dac214b95b9{\npadding:80px 80px 80px 80px !important;\n}\n<\/style>\n<div class='flex_cell av-c65y4y-0cb7ede71ed832e278916dac214b95b9 av-gridrow-cell av_one_half no_margin  avia-builder-el-20  el_after_av_cell_one_half  avia-builder-el-last  content-align-top'  ><div class='flex_cell_inner'><p>\n<style type=\"text\/css\" data-created_by=\"avia_inline_auto\" id=\"style-css-av-7e8kc-71a3a636454f11c49010282878526b41\">\n#top .av-special-heading.av-7e8kc-71a3a636454f11c49010282878526b41{\npadding-bottom:25px;\ncolor:#628b94;\nfont-size:22px;\n}\nbody .av-special-heading.av-7e8kc-71a3a636454f11c49010282878526b41 .av-special-heading-tag .heading-char{\nfont-size:25px;\n}\n#top #wrap_all .av-special-heading.av-7e8kc-71a3a636454f11c49010282878526b41 .av-special-heading-tag{\nfont-size:22px;\n}\n.av-special-heading.av-7e8kc-71a3a636454f11c49010282878526b41 .special-heading-inner-border{\nborder-color:#628b94;\n}\n.av-special-heading.av-7e8kc-71a3a636454f11c49010282878526b41 .av-subheading{\nfont-size:15px;\n}\n\n@media only screen and (min-width: 480px) and (max-width: 767px){ \n#top #wrap_all .av-special-heading.av-7e8kc-71a3a636454f11c49010282878526b41 .av-special-heading-tag{\nfont-size:0.8em;\n}\n}\n\n@media only screen and (max-width: 479px){ \n#top #wrap_all .av-special-heading.av-7e8kc-71a3a636454f11c49010282878526b41 .av-special-heading-tag{\nfont-size:0.8em;\n}\n}\n<\/style>\n<div  class='av-special-heading av-7e8kc-71a3a636454f11c49010282878526b41 av-special-heading-h1 custom-color-heading blockquote modern-quote modern-centered  avia-builder-el-21  el_before_av_textblock  avia-builder-el-first  av-inherit-size'><h1 class='av-special-heading-tag '  itemprop=\"headline\"  >Wenn die Kiefer aus der Reihe tanzen<\/h1><div class=\"special-heading-border\"><div class=\"special-heading-inner-border\"><\/div><\/div><\/div><br \/>\n\n<style type=\"text\/css\" data-created_by=\"avia_inline_auto\" id=\"style-css-av-qpj36o-16956e20f10fbabe1a5a4db96daf84ee\">\n#top .av_textblock_section.av-qpj36o-16956e20f10fbabe1a5a4db96daf84ee .avia_textblock{\ncolor:#628b94;\n}\n<\/style>\n<section  class='av_textblock_section av-qpj36o-16956e20f10fbabe1a5a4db96daf84ee '   itemscope=\"itemscope\" itemtype=\"https:\/\/schema.org\/CreativeWork\" ><div class='avia_textblock av_inherit_color'  itemprop=\"text\" ><p>Nicht bei jedem Menschen lassen sich mit kieferorthop\u00e4dischen Ma\u00dfnahmen optimale Verh\u00e4ltnisse erreichen. Bei Kindern l\u00e4sst sich das Wachstum noch f\u00f6rdern. Bei Erwachsenen wird bei massiven Fehlstellungen die Kieferorthop\u00e4die durch <a href=\"http:\/\/www.dysgnathie.de\"><strong>Dysgnathiechirurgie<\/strong><\/a> unterst\u00fctzt. Jahrelang bestehende Fehlfunktionen durch Einschr\u00e4nkung der Atmung, der Kaufunktion oder Kieferanomalien werden chirurgisch behoben und die Zahnfehlstellung kann erst dann kieferothop\u00e4disch beseitigt werden<\/p>\n<\/div><\/section><\/p>\n<\/div><\/div>\n<\/div><div id='after_grid_row_2'  class='main_color av_default_container_wrap container_wrap fullsize'  ><div class='container av-section-cont-open' ><div class='template-page content  av-content-full alpha units'><div class='post-entry post-entry-type-page post-entry-3076'><div class='entry-content-wrapper clearfix'>\n\n<style type=\"text\/css\" data-created_by=\"avia_inline_auto\" id=\"style-css-av-7anguy-da0b6fdb4b9fb15eb26759d4670a4c79\">\n#top .hr.av-7anguy-da0b6fdb4b9fb15eb26759d4670a4c79{\nmargin-top:40px;\nmargin-bottom:5px;\n}\n.hr.av-7anguy-da0b6fdb4b9fb15eb26759d4670a4c79 .hr-inner{\nwidth:50px;\nborder-color:#628b94;\n}\n<\/style>\n<div  class='hr av-7anguy-da0b6fdb4b9fb15eb26759d4670a4c79 hr-custom  avia-builder-el-23  el_after_av_layout_row  avia-builder-el-no-sibling  hr-center hr-icon-no'><span class='hr-inner inner-border-av-border-fat'><span class=\"hr-inner-style\"><\/span><\/span><\/div>\n","protected":false},"excerpt":{"rendered":"","protected":false},"author":1,"featured_media":0,"parent":0,"menu_order":130,"comment_status":"closed","ping_status":"closed","template":"","meta":{"footnotes":""},"class_list":["post-3076","page","type-page","status-publish","hentry"],"_links":{"self":[{"href":"https:\/\/www.drricken.de\/en\/wp-json\/wp\/v2\/pages\/3076","targetHints":{"allow":["GET"]}}],"collection":[{"href":"https:\/\/www.drricken.de\/en\/wp-json\/wp\/v2\/pages"}],"about":[{"href":"https:\/\/www.drricken.de\/en\/wp-json\/wp\/v2\/types\/page"}],"author":[{"embeddable":true,"href":"https:\/\/www.drricken.de\/en\/wp-json\/wp\/v2\/users\/1"}],"replies":[{"embeddable":true,"href":"https:\/\/www.drricken.de\/en\/wp-json\/wp\/v2\/comments?post=3076"}],"version-history":[{"count":5,"href":"https:\/\/www.drricken.de\/en\/wp-json\/wp\/v2\/pages\/3076\/revisions"}],"predecessor-version":[{"id":3560,"href":"https:\/\/www.drricken.de\/en\/wp-json\/wp\/v2\/pages\/3076\/revisions\/3560"}],"wp:attachment":[{"href":"https:\/\/www.drricken.de\/en\/wp-json\/wp\/v2\/media?parent=3076"}],"curies":[{"name":"wp","href":"https:\/\/api.w.org\/{rel}","templated":true}]}}