{"id":3081,"date":"2018-11-05T14:11:39","date_gmt":"2018-11-05T13:11:39","guid":{"rendered":"https:\/\/www.drricken.de\/unsichtbare-zahnspange\/"},"modified":"2019-01-15T18:08:49","modified_gmt":"2019-01-15T17:08:49","slug":"ortho-invisible","status":"publish","type":"page","link":"https:\/\/www.drricken.de\/en\/ortho-invisible\/","title":{"rendered":"Ortho invisible"},"content":{"rendered":"<div id='av-layout-grid-1'  class='av-layout-grid-container av-ti6f00-66e668b999a6b398997ef3bc95bda3b7 entry-content-wrapper main_color av-flex-cells  avia-builder-el-0  el_before_av_one_half  avia-builder-el-first   container_wrap fullsize'  >\n\n<style type=\"text\/css\" data-created_by=\"avia_inline_auto\" id=\"style-css-av-jo5yl8j0-9bcb49160ae820818c242308d478140c\">\n.flex_cell.av-jo5yl8j0-9bcb49160ae820818c242308d478140c{\nvertical-align:middle;\nheight:300px;\nmin-height:300px;\nbackground:url(https:\/\/www.drricken.de\/wp-content\/uploads\/2018\/11\/Lmbweb18.jpg) 50% 50% no-repeat scroll #628b94;\n}\n.responsive #top #wrap_all .flex_cell.av-jo5yl8j0-9bcb49160ae820818c242308d478140c{\npadding:0px 0px 0px 0px !important;\n}\n<\/style>\n<div class='flex_cell av-jo5yl8j0-9bcb49160ae820818c242308d478140c av-gridrow-cell av_one_half no_margin  avia-builder-el-1  el_before_av_cell_one_half  avia-builder-el-first  content-align-middle av-zero-padding avia-full-stretch'  ><div class='flex_cell_inner'><\/div><\/div>\n<style type=\"text\/css\" data-created_by=\"avia_inline_auto\" id=\"style-css-av-jo5ylfiu-665a2f2faaae2855156377a962d82ca6\">\n.flex_cell.av-jo5ylfiu-665a2f2faaae2855156377a962d82ca6{\nvertical-align:middle;\nheight:300px;\nmin-height:300px;\nbackground-color:#e8e8e8;\n}\n.responsive #top #wrap_all .flex_cell.av-jo5ylfiu-665a2f2faaae2855156377a962d82ca6{\npadding:80px 80px 80px 80px !important;\n}\n<\/style>\n<div class='flex_cell av-jo5ylfiu-665a2f2faaae2855156377a962d82ca6 av-gridrow-cell av_one_half no_margin  avia-builder-el-2  el_after_av_cell_one_half  avia-builder-el-last  flexcellmobile content-align-middle'  ><div class='flex_cell_inner'><p>\n<style type=\"text\/css\" data-created_by=\"avia_inline_auto\" id=\"style-css-av-2sf7u8-8ecf623bc78abfeeac74e65d0426f61c\">\n#top .av-special-heading.av-2sf7u8-8ecf623bc78abfeeac74e65d0426f61c{\npadding-bottom:25px;\ncolor:#628b94;\nfont-size:34px;\n}\nbody .av-special-heading.av-2sf7u8-8ecf623bc78abfeeac74e65d0426f61c .av-special-heading-tag .heading-char{\nfont-size:25px;\n}\n#top #wrap_all .av-special-heading.av-2sf7u8-8ecf623bc78abfeeac74e65d0426f61c .av-special-heading-tag{\nfont-size:34px;\n}\n.av-special-heading.av-2sf7u8-8ecf623bc78abfeeac74e65d0426f61c .special-heading-inner-border{\nborder-color:#628b94;\n}\n.av-special-heading.av-2sf7u8-8ecf623bc78abfeeac74e65d0426f61c .av-subheading{\nfont-size:15px;\n}\n\n@media only screen and (min-width: 480px) and (max-width: 767px){ \n#top #wrap_all .av-special-heading.av-2sf7u8-8ecf623bc78abfeeac74e65d0426f61c .av-special-heading-tag{\nfont-size:0.8em;\n}\n}\n\n@media only screen and (max-width: 479px){ \n#top #wrap_all .av-special-heading.av-2sf7u8-8ecf623bc78abfeeac74e65d0426f61c .av-special-heading-tag{\nfont-size:0.8em;\n}\n}\n<\/style>\n<div  class='av-special-heading av-2sf7u8-8ecf623bc78abfeeac74e65d0426f61c av-special-heading-h1 custom-color-heading blockquote modern-quote modern-centered  avia-builder-el-3  el_before_av_textblock  avia-builder-el-first  av-inherit-size'><h1 class='av-special-heading-tag '  itemprop=\"headline\"  >Invisible<\/h1><div class='av_custom_color av-subheading av-subheading_below'><p>Unsichtbare Zahnspangen<\/p>\n<\/div><div class=\"special-heading-border\"><div class=\"special-heading-inner-border\"><\/div><\/div><\/div><br \/>\n\n<style type=\"text\/css\" data-created_by=\"avia_inline_auto\" id=\"style-css-av-6stxya-66e19de2fd9f9fea40d6ea10c91c5e04\">\n#top .av_textblock_section.av-6stxya-66e19de2fd9f9fea40d6ea10c91c5e04 .avia_textblock{\ncolor:#628b94;\n}\n<\/style>\n<section  class='av_textblock_section av-6stxya-66e19de2fd9f9fea40d6ea10c91c5e04 '   itemscope=\"itemscope\" itemtype=\"https:\/\/schema.org\/CreativeWork\" ><div class='avia_textblock av_inherit_color'  itemprop=\"text\" ><p style=\"text-align: center;\">Zahnspange von innen oder durchsichtige Aligner erm\u00f6glichen eine unsichtbare Zahnkorrektur bei Jungendlichen und Erwachsenen.<\/p>\n<\/div><\/section><\/p>\n<\/div><\/div>\n<\/div><div id='after_grid_row_1'  class='main_color av_default_container_wrap container_wrap fullsize'  ><div class='container av-section-cont-open' ><div class='template-page content  av-content-full alpha units'><div class='post-entry post-entry-type-page post-entry-3081'><div class='entry-content-wrapper clearfix'>\n\n<style type=\"text\/css\" data-created_by=\"avia_inline_auto\" id=\"style-css-av-6qte2i-fe1a05c6a2c4e9e7267cfeffa9b6ff78\">\n.flex_column.av-6qte2i-fe1a05c6a2c4e9e7267cfeffa9b6ff78{\nborder-radius:0px 0px 0px 0px;\npadding:0px 0px 0px 0px;\n}\n<\/style>\n<div  class='flex_column av-6qte2i-fe1a05c6a2c4e9e7267cfeffa9b6ff78 av_one_half  avia-builder-el-5  el_after_av_layout_row  el_before_av_one_half  avia-builder-el-first  first flex_column_div av-animated-generic bottom-to-top av-zero-column-padding  '     ><p>\n<style type=\"text\/css\" data-created_by=\"avia_inline_auto\" id=\"style-css-av-av_heading-dc1d8b8306863127acbb387f8ddc7dad\">\n#top .av-special-heading.av-av_heading-dc1d8b8306863127acbb387f8ddc7dad{\npadding-bottom:20px;\ncolor:#4c5654;\nfont-size:22px;\n}\nbody .av-special-heading.av-av_heading-dc1d8b8306863127acbb387f8ddc7dad .av-special-heading-tag .heading-char{\nfont-size:25px;\n}\n#top #wrap_all .av-special-heading.av-av_heading-dc1d8b8306863127acbb387f8ddc7dad .av-special-heading-tag{\nfont-size:22px;\n}\n.av-special-heading.av-av_heading-dc1d8b8306863127acbb387f8ddc7dad .special-heading-inner-border{\nborder-color:#4c5654;\n}\n.av-special-heading.av-av_heading-dc1d8b8306863127acbb387f8ddc7dad .av-subheading{\nfont-size:15px;\n}\n\n@media only screen and (min-width: 480px) and (max-width: 767px){ \n#top #wrap_all .av-special-heading.av-av_heading-dc1d8b8306863127acbb387f8ddc7dad .av-special-heading-tag{\nfont-size:0.8em;\n}\n}\n\n@media only screen and (max-width: 479px){ \n#top #wrap_all .av-special-heading.av-av_heading-dc1d8b8306863127acbb387f8ddc7dad .av-special-heading-tag{\nfont-size:0.8em;\n}\n}\n<\/style>\n<div  class='av-special-heading av-av_heading-dc1d8b8306863127acbb387f8ddc7dad av-special-heading-h3 custom-color-heading blockquote modern-quote modern-centered  avia-builder-el-6  el_before_av_textblock  avia-builder-el-first  av-inherit-size'><h3 class='av-special-heading-tag '  itemprop=\"headline\"  >Zahnspange von innen<\/h3><div class=\"special-heading-border\"><div class=\"special-heading-inner-border\"><\/div><\/div><\/div><br \/>\n<section  class='av_textblock_section av-7avze8-989b6c308674702376428ef542f5c1ec '   itemscope=\"itemscope\" itemtype=\"https:\/\/schema.org\/CreativeWork\" ><div class='avia_textblock'  itemprop=\"text\" ><p><img loading=\"lazy\" decoding=\"async\" class=\"alignnone size-full wp-image-2252\" src=\"https:\/\/www.drricken.de\/wp-content\/uploads\/2018\/11\/Web08DE.jpg\" alt=\"\" width=\"1730\" height=\"973\" srcset=\"https:\/\/www.drricken.de\/wp-content\/uploads\/2018\/11\/Web08DE.jpg 1730w, https:\/\/www.drricken.de\/wp-content\/uploads\/2018\/11\/Web08DE-300x169.jpg 300w, https:\/\/www.drricken.de\/wp-content\/uploads\/2018\/11\/Web08DE-768x432.jpg 768w, https:\/\/www.drricken.de\/wp-content\/uploads\/2018\/11\/Web08DE-1030x579.jpg 1030w, https:\/\/www.drricken.de\/wp-content\/uploads\/2018\/11\/Web08DE-1500x844.jpg 1500w, https:\/\/www.drricken.de\/wp-content\/uploads\/2018\/11\/Web08DE-705x397.jpg 705w, https:\/\/www.drricken.de\/wp-content\/uploads\/2018\/11\/Web08DE-450x253.jpg 450w\" sizes=\"auto, (max-width: 1730px) 100vw, 1730px\" \/><\/p>\n<\/div><\/section><br \/>\n<section  class='av_textblock_section av-6dmvia-378985ed08bac409472386bdcab70959 '   itemscope=\"itemscope\" itemtype=\"https:\/\/schema.org\/CreativeWork\" ><div class='avia_textblock'  itemprop=\"text\" ><p>Als Lingualtechnik bezeichnet man festsitzende Zahnspangen auf der Zahninnenseite. Die Z\u00e4hne bewegen sich dabei genauso schnell und effizient wie mit herk\u00f6mmlichen festsitzenden Apparaturen auf der Zahnau\u00dfenseite. Die linguale Zahnspange ist die \u00e4sthetischste Form, Zahnfehlstellungen zu korrigieren \u2013 nahezu unsichtbar von au\u00dfen. So wird niemand bemerken, dass Sie mit einer festsitzenden Apparatur behandelt werden. Die Brackets sind unsichtbar, qualitativ hochwertig, leicht zu pflegen.<\/p>\n<p><img loading=\"lazy\" decoding=\"async\" class=\"alignnone wp-image-2247\" src=\"https:\/\/www.drricken.de\/wp-content\/uploads\/2018\/11\/Olingualweb18.jpg\" alt=\"\" width=\"525\" height=\"391\" srcset=\"https:\/\/www.drricken.de\/wp-content\/uploads\/2018\/11\/Olingualweb18.jpg 1178w, https:\/\/www.drricken.de\/wp-content\/uploads\/2018\/11\/Olingualweb18-300x224.jpg 300w, https:\/\/www.drricken.de\/wp-content\/uploads\/2018\/11\/Olingualweb18-768x572.jpg 768w, https:\/\/www.drricken.de\/wp-content\/uploads\/2018\/11\/Olingualweb18-1030x768.jpg 1030w, https:\/\/www.drricken.de\/wp-content\/uploads\/2018\/11\/Olingualweb18-705x525.jpg 705w, https:\/\/www.drricken.de\/wp-content\/uploads\/2018\/11\/Olingualweb18-450x335.jpg 450w\" sizes=\"auto, (max-width: 525px) 100vw, 525px\" \/><\/p>\n<\/div><\/section><br \/>\n\n<style type=\"text\/css\" data-created_by=\"avia_inline_auto\" id=\"style-css-av-av_heading-123828c5ebd24111dfb3b6c8776471c1\">\n#top .av-special-heading.av-av_heading-123828c5ebd24111dfb3b6c8776471c1{\npadding-bottom:20px;\ncolor:#4c5654;\nfont-size:16px;\n}\nbody .av-special-heading.av-av_heading-123828c5ebd24111dfb3b6c8776471c1 .av-special-heading-tag .heading-char{\nfont-size:25px;\n}\n#top #wrap_all .av-special-heading.av-av_heading-123828c5ebd24111dfb3b6c8776471c1 .av-special-heading-tag{\nfont-size:16px;\n}\n.av-special-heading.av-av_heading-123828c5ebd24111dfb3b6c8776471c1 .special-heading-inner-border{\nborder-color:#4c5654;\n}\n.av-special-heading.av-av_heading-123828c5ebd24111dfb3b6c8776471c1 .av-subheading{\nfont-size:15px;\n}\n\n@media only screen and (min-width: 480px) and (max-width: 767px){ \n#top #wrap_all .av-special-heading.av-av_heading-123828c5ebd24111dfb3b6c8776471c1 .av-special-heading-tag{\nfont-size:0.8em;\n}\n}\n\n@media only screen and (max-width: 479px){ \n#top #wrap_all .av-special-heading.av-av_heading-123828c5ebd24111dfb3b6c8776471c1 .av-special-heading-tag{\nfont-size:0.8em;\n}\n}\n<\/style>\n<div  class='av-special-heading av-av_heading-123828c5ebd24111dfb3b6c8776471c1 av-special-heading-h3 custom-color-heading blockquote modern-quote modern-centered  avia-builder-el-9  el_after_av_textblock  el_before_av_textblock  av-inherit-size'><h3 class='av-special-heading-tag '  itemprop=\"headline\"  >Unsere Partner<\/h3><div class=\"special-heading-border\"><div class=\"special-heading-inner-border\"><\/div><\/div><\/div><br \/>\n<section  class='av_textblock_section av-6stxya-fc163709a5536bb01c964b6f8069b44f '   itemscope=\"itemscope\" itemtype=\"https:\/\/schema.org\/CreativeWork\" ><div class='avia_textblock'  itemprop=\"text\" ><p>Wir bieten Ihnen als zertifizierte Anwender eine goldene Incognito\u00ae und eine silberfarbene <a href=\"https:\/\/www.lingualsystems.de\/\" target=\"_blank\" rel=\"noopener\"><strong>WIN\u00ae.<\/strong><\/a>\u00a0Variante an. Mit Hilfe moderner computergest\u00fctzter Technologie werden die einzelnen Brackets individuell f\u00fcr Sie angefertigt. Dies erm\u00f6glicht Ihnen h\u00f6chsten Tragekomfort &#8211; alles in Deutschland entwickelt und hergestellt. Das b\u00fcrgt f\u00fcr Qualit\u00e4t.<\/p>\n<\/div><\/section><\/p><\/div>\n<style type=\"text\/css\" data-created_by=\"avia_inline_auto\" id=\"style-css-av-759h2a-c51b4100c793b604129d292dcdce7e83\">\n.flex_column.av-759h2a-c51b4100c793b604129d292dcdce7e83{\nborder-radius:0px 0px 0px 0px;\npadding:0px 0px 0px 0px;\n}\n<\/style>\n<div  class='flex_column av-759h2a-c51b4100c793b604129d292dcdce7e83 av_one_half  avia-builder-el-11  el_after_av_one_half  el_before_av_hr  flex_column_div av-animated-generic bottom-to-top av-zero-column-padding  '     ><p>\n<style type=\"text\/css\" data-created_by=\"avia_inline_auto\" id=\"style-css-av-3nk6s0-176248b544c10c799ee4208b0e1fd71a\">\n#top .av-special-heading.av-3nk6s0-176248b544c10c799ee4208b0e1fd71a{\npadding-bottom:20px;\ncolor:#4c5654;\nfont-size:22px;\n}\nbody .av-special-heading.av-3nk6s0-176248b544c10c799ee4208b0e1fd71a .av-special-heading-tag .heading-char{\nfont-size:25px;\n}\n#top #wrap_all .av-special-heading.av-3nk6s0-176248b544c10c799ee4208b0e1fd71a .av-special-heading-tag{\nfont-size:22px;\n}\n.av-special-heading.av-3nk6s0-176248b544c10c799ee4208b0e1fd71a .special-heading-inner-border{\nborder-color:#4c5654;\n}\n.av-special-heading.av-3nk6s0-176248b544c10c799ee4208b0e1fd71a .av-subheading{\nfont-size:15px;\n}\n\n@media only screen and (min-width: 480px) and (max-width: 767px){ \n#top #wrap_all .av-special-heading.av-3nk6s0-176248b544c10c799ee4208b0e1fd71a .av-special-heading-tag{\nfont-size:0.8em;\n}\n}\n\n@media only screen and (max-width: 479px){ \n#top #wrap_all .av-special-heading.av-3nk6s0-176248b544c10c799ee4208b0e1fd71a .av-special-heading-tag{\nfont-size:0.8em;\n}\n}\n<\/style>\n<div  class='av-special-heading av-3nk6s0-176248b544c10c799ee4208b0e1fd71a av-special-heading-h3 custom-color-heading blockquote modern-quote modern-centered  avia-builder-el-12  el_before_av_textblock  avia-builder-el-first  av-inherit-size'><h3 class='av-special-heading-tag '  itemprop=\"headline\"  > Herausnehmbare Aligner <\/h3><div class=\"special-heading-border\"><div class=\"special-heading-inner-border\"><\/div><\/div><\/div><br \/>\n<section  class='av_textblock_section av-6dmvia-378985ed08bac409472386bdcab70959 '   itemscope=\"itemscope\" itemtype=\"https:\/\/schema.org\/CreativeWork\" ><div class='avia_textblock'  itemprop=\"text\" ><p>Die Aligner Therapie beruht auf einer Reihe fast unsichtbarer, herausnehmbarer Zahnspangen aus durchsichtigem Material.<\/p>\n<p><img loading=\"lazy\" decoding=\"async\" class=\"size-full wp-image-2250 aligncenter\" src=\"https:\/\/www.drricken.de\/wp-content\/uploads\/2018\/11\/invisalign-20031_sbp.jpg\" alt=\"\" width=\"163\" height=\"115\" \/><\/p>\n<p>Alle zwei Wochen tauschen Sie die Aligner bequem zu Hause aus. Jeder Aligner wird speziell f\u00fcr Ihre Z\u00e4hne ma\u00dfgefertigt. Sei es durch unsere ausgebildeten kieferorthop\u00e4dischen Zahntechniker oder durch virtuelle 3D Planung. Durch Wechseln der einzelnen Aligner werden Ihre Z\u00e4hne Schritt f\u00fcr Schritt, Woche f\u00fcr Woche korrigiert. Am Ende steht Ihr wundersch\u00f6nes L\u00e4cheln.<\/p>\n<p>Ein virtueller 3D-Behandlungsplan (ClinCheck\u00ae-Behandlungsplan) zeigt die Bewegungsabfolge Ihrer Z\u00e4hne im Verlauf der Behandlung. So k\u00f6nnen Sie bereits am Anfang der Behandlung sehen, wie Ihre Z\u00e4hne nach Abschluss der Behandlung aussehen werden.<\/p>\n<\/div><\/section><br \/>\n\n<style type=\"text\/css\" data-created_by=\"avia_inline_auto\" id=\"style-css-av-80ygw-ed1449cb8ca8e9c7cc045ef20a863f3e\">\n#top .av-special-heading.av-80ygw-ed1449cb8ca8e9c7cc045ef20a863f3e{\npadding-bottom:20px;\ncolor:#4c5654;\nfont-size:16px;\n}\nbody .av-special-heading.av-80ygw-ed1449cb8ca8e9c7cc045ef20a863f3e .av-special-heading-tag .heading-char{\nfont-size:25px;\n}\n#top #wrap_all .av-special-heading.av-80ygw-ed1449cb8ca8e9c7cc045ef20a863f3e .av-special-heading-tag{\nfont-size:16px;\n}\n.av-special-heading.av-80ygw-ed1449cb8ca8e9c7cc045ef20a863f3e .special-heading-inner-border{\nborder-color:#4c5654;\n}\n.av-special-heading.av-80ygw-ed1449cb8ca8e9c7cc045ef20a863f3e .av-subheading{\nfont-size:15px;\n}\n\n@media only screen and (min-width: 480px) and (max-width: 767px){ \n#top #wrap_all .av-special-heading.av-80ygw-ed1449cb8ca8e9c7cc045ef20a863f3e .av-special-heading-tag{\nfont-size:0.8em;\n}\n}\n\n@media only screen and (max-width: 479px){ \n#top #wrap_all .av-special-heading.av-80ygw-ed1449cb8ca8e9c7cc045ef20a863f3e .av-special-heading-tag{\nfont-size:0.8em;\n}\n}\n<\/style>\n<div  class='av-special-heading av-80ygw-ed1449cb8ca8e9c7cc045ef20a863f3e av-special-heading-h3 custom-color-heading blockquote modern-quote modern-centered  avia-builder-el-14  el_after_av_textblock  el_before_av_textblock  av-inherit-size'><h3 class='av-special-heading-tag '  itemprop=\"headline\"  >Unsere Partner<\/h3><div class=\"special-heading-border\"><div class=\"special-heading-inner-border\"><\/div><\/div><\/div><br \/>\n<section  class='av_textblock_section av-6stxya-fc163709a5536bb01c964b6f8069b44f '   itemscope=\"itemscope\" itemtype=\"https:\/\/schema.org\/CreativeWork\" ><div class='avia_textblock'  itemprop=\"text\" ><p>W\u00e4hlen Sie mit uns das f\u00fcr Sie optimale Alignersystem aus. Wir arbeiten viel mit den original Alignern nach Douglas Toll. Der amerikanische Kieferorthop\u00e4de war der Erfinder der individuellen Aligner-Behandlung. Schon seit 1997 sind wir zertifiziert f\u00fcr die Methode\u00a0<strong><a href=\"http:\/\/www.invisalign.de\/de\/Pages\/Home.aspx\" target=\"_blank\" rel=\"noopener\">Invisalign<\/a><\/strong>\u00a0und unsere Praxistechniker sind zus\u00e4tzlich zertifiziert f\u00fcr\u00a0<a href=\"http:\/\/www.ca-clear-aligner.com\/index.html\" target=\"_blank\" rel=\"noopener\"><strong>CA-Clear-Alinger<\/strong><\/a>. Sie haben also eine hervorragende Auswahl bei der Korrekturplanung Ihrer Z\u00e4hne und vertrauen Sie auf unsere 25 j\u00e4hrige Erfahrung mit Alignern.<\/p>\n<\/div><\/section><br \/>\n<div  class='avia-logo-element-container av-jo9zh3fs-5d072efe32a6a1b7b0e5578088c0a58a av-border-deactivate avia-logo-grid avia-content-slider avia-smallarrow-slider avia-content-grid-active noHover avia-content-slider-odd  avia-builder-el-16  el_after_av_textblock  avia-builder-el-last  avia-content-slider1' ><div class='avia-smallarrow-slider-heading  no-logo-slider-heading '><div class='new-special-heading'>&nbsp;<\/div><\/div><div class=\"avia-content-slider-inner\"><div class=\"slide-entry-wrap\"><div  class='slide-entry av-6jr1n4-30098a790b1e8ddad1eb5672968f1b72 flex_column no_margin av_one_third real-thumbnail post-entry slide-entry-overview slide-loop-1 slide-parity-odd  first'><a href=\"https:\/\/www.invisalign.de\/de\/Pages\/Home.aspx\" data-rel='slide-1' class='slide-image' title=''  target=\"_blank\"  rel=\"noopener noreferrer\"><img decoding=\"async\" fetchpriority=\"high\" width=\"200\" height=\"200\" src=\"https:\/\/www.drricken.de\/wp-content\/uploads\/2018\/11\/Invisalig-ba.gif\" class=\"wp-image-2659 avia-img-lazy-loading-not-2659 attachment-no scaling size-no scaling\" alt=\"\" \/><\/a><\/div><div  class='slide-entry av-27tmb4-1e6098e1ae9caeaae62d83d9c726cf81 flex_column no_margin av_one_third real-thumbnail post-entry slide-entry-overview slide-loop-2 slide-parity-even  '><a href=\"https:\/\/www.dentsplysirona.com\/de-de\" data-rel='slide-1' class='slide-image' title=''  target=\"_blank\"  rel=\"noopener noreferrer\"><img decoding=\"async\" fetchpriority=\"high\" width=\"200\" height=\"200\" src=\"https:\/\/www.drricken.de\/wp-content\/uploads\/2018\/11\/sirona-ba-1.gif\" class=\"wp-image-2662 avia-img-lazy-loading-not-2662 attachment-no scaling size-no scaling\" alt=\"\" \/><\/a><\/div><div  class='slide-entry av-156ps-70fbaba95c9a33576590271c60fb5b6d flex_column no_margin av_one_third real-thumbnail post-entry slide-entry-overview slide-loop-3 slide-parity-odd post-entry-last '><a href=\"https:\/\/ca-digit.com\/\" data-rel='slide-1' class='slide-image' title=''  target=\"_blank\"  rel=\"noopener noreferrer\"><img decoding=\"async\" fetchpriority=\"high\" width=\"200\" height=\"200\" src=\"https:\/\/www.drricken.de\/wp-content\/uploads\/2018\/11\/C-digital-ba-1.gif\" class=\"wp-image-2664 avia-img-lazy-loading-not-2664 attachment-no scaling size-no scaling\" alt=\"\" \/><\/a><\/div><\/div><\/div><\/div><\/p><\/div><\/p>\n\n<style type=\"text\/css\" data-created_by=\"avia_inline_auto\" id=\"style-css-av-7anguy-da0b6fdb4b9fb15eb26759d4670a4c79\">\n#top .hr.av-7anguy-da0b6fdb4b9fb15eb26759d4670a4c79{\nmargin-top:40px;\nmargin-bottom:5px;\n}\n.hr.av-7anguy-da0b6fdb4b9fb15eb26759d4670a4c79 .hr-inner{\nwidth:50px;\nborder-color:#628b94;\n}\n<\/style>\n<div  class='hr av-7anguy-da0b6fdb4b9fb15eb26759d4670a4c79 hr-custom  avia-builder-el-17  el_after_av_one_half  avia-builder-el-last  hr-center hr-icon-no'><span class='hr-inner inner-border-av-border-fat'><span class=\"hr-inner-style\"><\/span><\/span><\/div>\n","protected":false},"excerpt":{"rendered":"","protected":false},"author":1,"featured_media":0,"parent":0,"menu_order":135,"comment_status":"closed","ping_status":"closed","template":"","meta":{"footnotes":""},"class_list":["post-3081","page","type-page","status-publish","hentry"],"_links":{"self":[{"href":"https:\/\/www.drricken.de\/en\/wp-json\/wp\/v2\/pages\/3081","targetHints":{"allow":["GET"]}}],"collection":[{"href":"https:\/\/www.drricken.de\/en\/wp-json\/wp\/v2\/pages"}],"about":[{"href":"https:\/\/www.drricken.de\/en\/wp-json\/wp\/v2\/types\/page"}],"author":[{"embeddable":true,"href":"https:\/\/www.drricken.de\/en\/wp-json\/wp\/v2\/users\/1"}],"replies":[{"embeddable":true,"href":"https:\/\/www.drricken.de\/en\/wp-json\/wp\/v2\/comments?post=3081"}],"version-history":[{"count":2,"href":"https:\/\/www.drricken.de\/en\/wp-json\/wp\/v2\/pages\/3081\/revisions"}],"predecessor-version":[{"id":3083,"href":"https:\/\/www.drricken.de\/en\/wp-json\/wp\/v2\/pages\/3081\/revisions\/3083"}],"wp:attachment":[{"href":"https:\/\/www.drricken.de\/en\/wp-json\/wp\/v2\/media?parent=3081"}],"curies":[{"name":"wp","href":"https:\/\/api.w.org\/{rel}","templated":true}]}}