{"id":3098,"date":"2018-11-05T14:17:47","date_gmt":"2018-11-05T13:17:47","guid":{"rendered":"https:\/\/www.drricken.de\/myozentrik\/"},"modified":"2019-01-15T18:11:23","modified_gmt":"2019-01-15T17:11:23","slug":"myocentrik","status":"publish","type":"page","link":"https:\/\/www.drricken.de\/en\/myocentrik\/","title":{"rendered":"Myocentrik"},"content":{"rendered":"<div id='av-layout-grid-1'  class='av-layout-grid-container av-ti6f00-66e668b999a6b398997ef3bc95bda3b7 entry-content-wrapper main_color av-flex-cells  avia-builder-el-0  el_before_av_one_half  avia-builder-el-first   container_wrap fullsize'  >\n\n<style type=\"text\/css\" data-created_by=\"avia_inline_auto\" id=\"style-css-av-jo5yl8j0-f893582196411444f94c711c63995e61\">\n.flex_cell.av-jo5yl8j0-f893582196411444f94c711c63995e61{\nvertical-align:middle;\nheight:300px;\nmin-height:300px;\nbackground:url(https:\/\/www.drricken.de\/wp-content\/uploads\/2018\/11\/Tensweb18.jpg) 50% 0% no-repeat scroll #628b94;\n}\n.responsive #top #wrap_all .flex_cell.av-jo5yl8j0-f893582196411444f94c711c63995e61{\npadding:0px 0px 0px 0px !important;\n}\n<\/style>\n<div class='flex_cell av-jo5yl8j0-f893582196411444f94c711c63995e61 av-gridrow-cell av_one_half no_margin  avia-builder-el-1  el_before_av_cell_one_half  avia-builder-el-first  content-align-middle av-zero-padding avia-full-stretch'  ><div class='flex_cell_inner'><\/div><\/div>\n<style type=\"text\/css\" data-created_by=\"avia_inline_auto\" id=\"style-css-av-jo5ylfiu-97f01deabe711b59931c48f5906df51b\">\n.flex_cell.av-jo5ylfiu-97f01deabe711b59931c48f5906df51b{\nvertical-align:middle;\nheight:300px;\nmin-height:300px;\nbackground-color:#e8e8e8;\n}\n.responsive #top #wrap_all .flex_cell.av-jo5ylfiu-97f01deabe711b59931c48f5906df51b{\npadding:120px 20px 120px 20px !important;\n}\n<\/style>\n<div class='flex_cell av-jo5ylfiu-97f01deabe711b59931c48f5906df51b av-gridrow-cell av_one_half no_margin  avia-builder-el-2  el_after_av_cell_one_half  avia-builder-el-last  flexcellmobile content-align-middle'  ><div class='flex_cell_inner'>\n<style type=\"text\/css\" data-created_by=\"avia_inline_auto\" id=\"style-css-av-4s6t3t-4f7261577ad353ef74e5c8984e76cf9c\">\n#top .av-special-heading.av-4s6t3t-4f7261577ad353ef74e5c8984e76cf9c{\npadding-bottom:25px;\ncolor:#628b94;\nfont-size:34px;\n}\nbody .av-special-heading.av-4s6t3t-4f7261577ad353ef74e5c8984e76cf9c .av-special-heading-tag .heading-char{\nfont-size:25px;\n}\n#top #wrap_all .av-special-heading.av-4s6t3t-4f7261577ad353ef74e5c8984e76cf9c .av-special-heading-tag{\nfont-size:34px;\n}\n.av-special-heading.av-4s6t3t-4f7261577ad353ef74e5c8984e76cf9c .special-heading-inner-border{\nborder-color:#628b94;\n}\n.av-special-heading.av-4s6t3t-4f7261577ad353ef74e5c8984e76cf9c .av-subheading{\nfont-size:15px;\n}\n\n@media only screen and (min-width: 480px) and (max-width: 767px){ \n#top #wrap_all .av-special-heading.av-4s6t3t-4f7261577ad353ef74e5c8984e76cf9c .av-special-heading-tag{\nfont-size:0.8em;\n}\n}\n\n@media only screen and (max-width: 479px){ \n#top #wrap_all .av-special-heading.av-4s6t3t-4f7261577ad353ef74e5c8984e76cf9c .av-special-heading-tag{\nfont-size:0.8em;\n}\n}\n<\/style>\n<div  class='av-special-heading av-4s6t3t-4f7261577ad353ef74e5c8984e76cf9c av-special-heading-h1 custom-color-heading blockquote modern-quote modern-centered  avia-builder-el-3  avia-builder-el-no-sibling  av-inherit-size'><h1 class='av-special-heading-tag '  itemprop=\"headline\"  >Myozentrik<\/h1><div class='av_custom_color av-subheading av-subheading_below'><p>Entspannte Kiefer sitzen richtig<\/p>\n<\/div><div class=\"special-heading-border\"><div class=\"special-heading-inner-border\"><\/div><\/div><\/div>\n<\/div><\/div>\n<\/div><div id='after_grid_row_1'  class='main_color av_default_container_wrap container_wrap fullsize'  ><div class='container av-section-cont-open' ><div class='template-page content  av-content-full alpha units'><div class='post-entry post-entry-type-page post-entry-3098'><div class='entry-content-wrapper clearfix'>\n\n<style type=\"text\/css\" data-created_by=\"avia_inline_auto\" id=\"style-css-av-6qte2i-fe1a05c6a2c4e9e7267cfeffa9b6ff78\">\n.flex_column.av-6qte2i-fe1a05c6a2c4e9e7267cfeffa9b6ff78{\nborder-radius:0px 0px 0px 0px;\npadding:0px 0px 0px 0px;\n}\n<\/style>\n<div  class='flex_column av-6qte2i-fe1a05c6a2c4e9e7267cfeffa9b6ff78 av_one_half  avia-builder-el-4  el_after_av_layout_row  el_before_av_one_half  avia-builder-el-first  first flex_column_div av-animated-generic bottom-to-top av-zero-column-padding  '     ><p>\n<style type=\"text\/css\" data-created_by=\"avia_inline_auto\" id=\"style-css-av-jo8so2hf-3316afc05a7f323f937d51dda69290e9\">\n#top .av-special-heading.av-jo8so2hf-3316afc05a7f323f937d51dda69290e9{\npadding-bottom:20px;\ncolor:#4c5654;\nfont-size:22px;\n}\nbody .av-special-heading.av-jo8so2hf-3316afc05a7f323f937d51dda69290e9 .av-special-heading-tag .heading-char{\nfont-size:25px;\n}\n#top #wrap_all .av-special-heading.av-jo8so2hf-3316afc05a7f323f937d51dda69290e9 .av-special-heading-tag{\nfont-size:22px;\n}\n.av-special-heading.av-jo8so2hf-3316afc05a7f323f937d51dda69290e9 .special-heading-inner-border{\nborder-color:#4c5654;\n}\n.av-special-heading.av-jo8so2hf-3316afc05a7f323f937d51dda69290e9 .av-subheading{\nfont-size:15px;\n}\n\n@media only screen and (min-width: 480px) and (max-width: 767px){ \n#top #wrap_all .av-special-heading.av-jo8so2hf-3316afc05a7f323f937d51dda69290e9 .av-special-heading-tag{\nfont-size:0.8em;\n}\n}\n\n@media only screen and (max-width: 479px){ \n#top #wrap_all .av-special-heading.av-jo8so2hf-3316afc05a7f323f937d51dda69290e9 .av-special-heading-tag{\nfont-size:0.8em;\n}\n}\n<\/style>\n<div  class='av-special-heading av-jo8so2hf-3316afc05a7f323f937d51dda69290e9 av-special-heading-h3 custom-color-heading blockquote modern-quote modern-centered  avia-builder-el-5  el_before_av_textblock  avia-builder-el-first  av-inherit-size'><h3 class='av-special-heading-tag '  itemprop=\"headline\"  >Myozentrik nach Prof. Jankelson<\/h3><div class=\"special-heading-border\"><div class=\"special-heading-inner-border\"><\/div><\/div><\/div><br \/>\n<section  class='av_textblock_section av-6dmvia-378985ed08bac409472386bdcab70959 '   itemscope=\"itemscope\" itemtype=\"https:\/\/schema.org\/CreativeWork\" ><div class='avia_textblock'  itemprop=\"text\" ><p>Die Myozentrik ist das Herzst\u00fcck unserer Behandlungsphilosophie. Diese Lehre geht davon aus, dass entspannte Ober- und Unterkiefer eine ideale Stellung zueinander einnehmen. Auf dieser Basis wird deutlich, dass sich eine entspannte Kieferstellung auf die Kiefergelenke, Gesichtsmuskeln und in der Folge auf die Muskulatur des gesamten K\u00f6rpers positiv auswirkt. Nach der kieferorthop\u00e4dischen Behandlung wird jeder Patient von uns muskul\u00e4r mit Hilfe der Myozentrik fein eingestellt. Denn ein Gebiss soll nicht nur sch\u00f6n sein, es muss auch spannungsfrei funktionieren und gut auf das K\u00f6rpersystem abgestimmt sein.<\/p>\n<\/div><\/section><\/p><\/div>\n\n<style type=\"text\/css\" data-created_by=\"avia_inline_auto\" id=\"style-css-av-759h2a-c51b4100c793b604129d292dcdce7e83\">\n.flex_column.av-759h2a-c51b4100c793b604129d292dcdce7e83{\nborder-radius:0px 0px 0px 0px;\npadding:0px 0px 0px 0px;\n}\n<\/style>\n<div  class='flex_column av-759h2a-c51b4100c793b604129d292dcdce7e83 av_one_half  avia-builder-el-7  el_after_av_one_half  el_before_av_layout_row  avia-builder-el-last  flex_column_div av-animated-generic bottom-to-top av-zero-column-padding  '     ><p>\n<style type=\"text\/css\" data-created_by=\"avia_inline_auto\" id=\"style-css-av-2zdrwp-994d129312d01b32e21742371a6f0006\">\n#top .av-special-heading.av-2zdrwp-994d129312d01b32e21742371a6f0006{\npadding-bottom:20px;\ncolor:#4c5654;\nfont-size:22px;\n}\nbody .av-special-heading.av-2zdrwp-994d129312d01b32e21742371a6f0006 .av-special-heading-tag .heading-char{\nfont-size:25px;\n}\n#top #wrap_all .av-special-heading.av-2zdrwp-994d129312d01b32e21742371a6f0006 .av-special-heading-tag{\nfont-size:22px;\n}\n.av-special-heading.av-2zdrwp-994d129312d01b32e21742371a6f0006 .special-heading-inner-border{\nborder-color:#4c5654;\n}\n.av-special-heading.av-2zdrwp-994d129312d01b32e21742371a6f0006 .av-subheading{\nfont-size:15px;\n}\n\n@media only screen and (min-width: 480px) and (max-width: 767px){ \n#top #wrap_all .av-special-heading.av-2zdrwp-994d129312d01b32e21742371a6f0006 .av-special-heading-tag{\nfont-size:0.8em;\n}\n}\n\n@media only screen and (max-width: 479px){ \n#top #wrap_all .av-special-heading.av-2zdrwp-994d129312d01b32e21742371a6f0006 .av-special-heading-tag{\nfont-size:0.8em;\n}\n}\n<\/style>\n<div  class='av-special-heading av-2zdrwp-994d129312d01b32e21742371a6f0006 av-special-heading-h3 custom-color-heading blockquote modern-quote modern-centered  avia-builder-el-8  el_before_av_textblock  avia-builder-el-first  av-inherit-size'><h3 class='av-special-heading-tag '  itemprop=\"headline\"  >Wie funktioniert die myozentrische Messung?<\/h3><div class=\"special-heading-border\"><div class=\"special-heading-inner-border\"><\/div><\/div><\/div><br \/>\n<section  class='av_textblock_section av-6stxya-fc163709a5536bb01c964b6f8069b44f '   itemscope=\"itemscope\" itemtype=\"https:\/\/schema.org\/CreativeWork\" ><div class='avia_textblock'  itemprop=\"text\" ><p>Im Gegensatz zu herk\u00f6mmlichen Methoden wird der Patient bei der Myozentrik nicht in eine Bissposition gezwungen. Sein K\u00f6rpersystem zeigt uns den Weg. Die neuromuskul\u00e4r ausgerichtete Bisslagebestimmung erfolgt mit Hilfe niederfrequenter TENS-Therapie und Elektromyographie.<\/p>\n<p>Die Muskulatur wird entspannt und es kommt zum Abtransport von Schlackenprodukten aus dem Gewebe. Die Reaktion des Muskels wird mit einer elektromyographischen Auswertung der Kaumuskeln \u00fcberpr\u00fcft und die Unterkieferbewegung aufgezeichnet. Weitere Informationen erhalten sie unter <a href=\"http:\/\/iccmo.org\/keyway-wear-patterns-test\/\" target=\"_blank\" rel=\"noopener\">www.iccmo.org<\/a>.<\/p>\n<\/div><\/section><\/p><\/div>\n<\/div><\/div><\/div><!-- close content main div --><\/div><\/div><div id='av-layout-grid-2'  class='av-layout-grid-container av-18ypei-022b42cc78930ccaa62db20030e53bbc entry-content-wrapper main_color av-flex-cells  avia-builder-el-10  el_after_av_one_half  el_before_av_section  grid-row-not-first  container_wrap fullsize'  >\n\n<style type=\"text\/css\" data-created_by=\"avia_inline_auto\" id=\"style-css-av-cd3ua2-b13f2905fee37c9208b8a618ca95c869\">\n.flex_cell.av-cd3ua2-b13f2905fee37c9208b8a618ca95c869{\nvertical-align:middle;\nheight:300px;\nmin-height:300px;\nbackground:url(https:\/\/www.drricken.de\/wp-content\/uploads\/2018\/11\/Myosplintweb18-845x684.jpg) 50% 0% no-repeat scroll #628b94;\n}\n.responsive #top #wrap_all .flex_cell.av-cd3ua2-b13f2905fee37c9208b8a618ca95c869{\npadding:0px 0px 0px 0px !important;\n}\n<\/style>\n<div class='flex_cell av-cd3ua2-b13f2905fee37c9208b8a618ca95c869 av-gridrow-cell av_one_half no_margin  avia-builder-el-11  el_before_av_cell_one_half  avia-builder-el-first  content-align-middle av-zero-padding avia-full-stretch'  ><div class='flex_cell_inner'><\/div><\/div>\n<style type=\"text\/css\" data-created_by=\"avia_inline_auto\" id=\"style-css-av-c65y4y-948bc5a88c33fda3851e751afed8748e\">\n.flex_cell.av-c65y4y-948bc5a88c33fda3851e751afed8748e{\nvertical-align:middle;\nheight:300px;\nmin-height:300px;\nbackground-color:#e8e8e8;\n}\n.responsive #top #wrap_all .flex_cell.av-c65y4y-948bc5a88c33fda3851e751afed8748e{\npadding:80px 80px 80px 80px !important;\n}\n<\/style>\n<div class='flex_cell av-c65y4y-948bc5a88c33fda3851e751afed8748e av-gridrow-cell av_one_half no_margin  avia-builder-el-12  el_after_av_cell_one_half  avia-builder-el-last  flexcellmobile content-align-middle'  ><div class='flex_cell_inner'><p>\n<style type=\"text\/css\" data-created_by=\"avia_inline_auto\" id=\"style-css-av-av_heading-3562c7a6c6a4d391498fee84b3b8dbc1\">\n#top .av-special-heading.av-av_heading-3562c7a6c6a4d391498fee84b3b8dbc1{\npadding-bottom:25px;\ncolor:#628b94;\nfont-size:22px;\n}\nbody .av-special-heading.av-av_heading-3562c7a6c6a4d391498fee84b3b8dbc1 .av-special-heading-tag .heading-char{\nfont-size:25px;\n}\n#top #wrap_all .av-special-heading.av-av_heading-3562c7a6c6a4d391498fee84b3b8dbc1 .av-special-heading-tag{\nfont-size:22px;\n}\n.av-special-heading.av-av_heading-3562c7a6c6a4d391498fee84b3b8dbc1 .special-heading-inner-border{\nborder-color:#628b94;\n}\n.av-special-heading.av-av_heading-3562c7a6c6a4d391498fee84b3b8dbc1 .av-subheading{\nfont-size:15px;\n}\n\n@media only screen and (min-width: 480px) and (max-width: 767px){ \n#top #wrap_all .av-special-heading.av-av_heading-3562c7a6c6a4d391498fee84b3b8dbc1 .av-special-heading-tag{\nfont-size:0.8em;\n}\n}\n\n@media only screen and (max-width: 479px){ \n#top #wrap_all .av-special-heading.av-av_heading-3562c7a6c6a4d391498fee84b3b8dbc1 .av-special-heading-tag{\nfont-size:0.8em;\n}\n}\n<\/style>\n<div  class='av-special-heading av-av_heading-3562c7a6c6a4d391498fee84b3b8dbc1 av-special-heading-h1 custom-color-heading blockquote modern-quote  avia-builder-el-13  el_before_av_textblock  avia-builder-el-first  av-inherit-size'><h1 class='av-special-heading-tag '  itemprop=\"headline\"  >Wof\u00fcr nutzen wir die Myozentrik?<\/h1><div class=\"special-heading-border\"><div class=\"special-heading-inner-border\"><\/div><\/div><\/div><br \/>\n\n<style type=\"text\/css\" data-created_by=\"avia_inline_auto\" id=\"style-css-av-qpj36o-16956e20f10fbabe1a5a4db96daf84ee\">\n#top .av_textblock_section.av-qpj36o-16956e20f10fbabe1a5a4db96daf84ee .avia_textblock{\ncolor:#628b94;\n}\n<\/style>\n<section  class='av_textblock_section av-qpj36o-16956e20f10fbabe1a5a4db96daf84ee '   itemscope=\"itemscope\" itemtype=\"https:\/\/schema.org\/CreativeWork\" ><div class='avia_textblock av_inherit_color'  itemprop=\"text\" ><ul>\n<li>nat\u00fcrliche Bisseinstellung in der Kieferorthop\u00e4die<\/li>\n<li>Schienen bei Kiefergelenk- und\u00a0Gesichtskopfschmerz<\/li>\n<li>Sportler-Schienen zur Leistungssteigerung<\/li>\n<li>Anti-Schnarch-Ger\u00e4te<\/li>\n<\/ul>\n<\/div><\/section><\/p>\n<\/div><\/div><\/div><div id='av_section_1'  class='avia-section av-c276h6-ec87a0966b654f1bad78906ac1cf0dcb main_color avia-section-huge avia-no-border-styling  avia-builder-el-15  el_after_av_layout_row  avia-builder-el-last  avia-bg-style-scroll container_wrap fullsize'  ><div class='container av-section-cont-open' ><div class='template-page content  av-content-full alpha units'><div class='post-entry post-entry-type-page post-entry-3098'><div class='entry-content-wrapper clearfix'>\n<div class='flex_column_table av-brd06i-c3cd7f55283112bb8bd248a223714921 sc-av_one_third av-equal-height-column-flextable'>\n<style type=\"text\/css\" data-created_by=\"avia_inline_auto\" id=\"style-css-av-brd06i-c3cd7f55283112bb8bd248a223714921\">\n#top .flex_column_table.av-equal-height-column-flextable.av-brd06i-c3cd7f55283112bb8bd248a223714921{\nmargin-top:-50px;\nmargin-bottom:0px;\n}\n.flex_column.av-brd06i-c3cd7f55283112bb8bd248a223714921{\nborder-radius:0px 0px 0px 0px;\npadding:40px 40px 40px 40px;\nbackground-color:#f1f8fb;\n}\n<\/style>\n<div  class='flex_column av-brd06i-c3cd7f55283112bb8bd248a223714921 av_one_third  avia-builder-el-16  el_before_av_one_third  avia-builder-el-first  first no_margin flex_column_table_cell av-equal-height-column av-align-top  '     ><style type=\"text\/css\" data-created_by=\"avia_inline_auto\" id=\"style-css-av-bege3m-616274a856f478c9e8eda5b029d8441d\">\n#top .av_textblock_section.av-bege3m-616274a856f478c9e8eda5b029d8441d .avia_textblock{\ncolor:#628b94;\n}\n<\/style>\n<section  class='av_textblock_section av-bege3m-616274a856f478c9e8eda5b029d8441d '   itemscope=\"itemscope\" itemtype=\"https:\/\/schema.org\/CreativeWork\" ><div class='avia_textblock av_inherit_color'  itemprop=\"text\" ><h4 style=\"text-align: center;\">Kieferorthop\u00e4die<\/h4>\n<p style=\"text-align: center;\">Erwachsene<\/p>\n<\/div><\/section><br \/>\n\n<style type=\"text\/css\" data-created_by=\"avia_inline_auto\" id=\"style-css-av-b4p1ya-59bbce758ce41e68e91b27819ca7bab8\">\n#top .hr.hr-invisible.av-b4p1ya-59bbce758ce41e68e91b27819ca7bab8{\nheight:8px;\n}\n<\/style>\n<div  class='hr av-b4p1ya-59bbce758ce41e68e91b27819ca7bab8 hr-invisible  avia-builder-el-18  el_after_av_textblock  el_before_av_button '><span class='hr-inner '><span class=\"hr-inner-style\"><\/span><\/span><\/div><br \/>\n<div  class='avia-button-wrap av-13svl6-f8989fe24788357edd42675040e30ecd-wrap avia-button-center  avia-builder-el-19  el_after_av_hr  avia-builder-el-last '>\n<style type=\"text\/css\" data-created_by=\"avia_inline_auto\" id=\"style-css-av-13svl6-f8989fe24788357edd42675040e30ecd\">\n#top #wrap_all .avia-button.av-13svl6-f8989fe24788357edd42675040e30ecd{\nbackground-color:#f1f8fb;\nborder-color:#f1f8fb;\ncolor:#628b94;\ntransition:all 0.4s ease-in-out;\n}\n#top #wrap_all .avia-button.av-13svl6-f8989fe24788357edd42675040e30ecd .avia-svg-icon svg:first-child{\nfill:#628b94;\nstroke:#628b94;\n}\n<\/style>\n<a href='https:\/\/www.drricken.de\/kieferorthopaedie-erwachsene\/'  class='avia-button av-13svl6-f8989fe24788357edd42675040e30ecd av-link-btn avia-icon_select-no avia-size-medium avia-position-center'   aria-label=\"Mehr erfahren\"><span class='avia_iconbox_title' >Mehr erfahren<\/span><\/a><\/div><\/p><\/div>\n<style type=\"text\/css\" data-created_by=\"avia_inline_auto\" id=\"style-css-av-9ur522-117e809491e5dd457fabfd5ff6ab8e43\">\n#top .flex_column_table.av-equal-height-column-flextable.av-9ur522-117e809491e5dd457fabfd5ff6ab8e43{\nmargin-top:-50px;\nmargin-bottom:0px;\n}\n.flex_column.av-9ur522-117e809491e5dd457fabfd5ff6ab8e43{\nborder-radius:0px 0px 0px 0px;\npadding:40px 40px 40px 40px;\nbackground-color:#f0efef;\n}\n<\/style>\n<div  class='flex_column av-9ur522-117e809491e5dd457fabfd5ff6ab8e43 av_one_third  avia-builder-el-20  el_after_av_one_third  el_before_av_one_third  no_margin flex_column_table_cell av-equal-height-column av-align-top  '     ><style type=\"text\/css\" data-created_by=\"avia_inline_auto\" id=\"style-css-av-9df63e-33753d4b0b801e2a20dd2860f9983f1e\">\n#top .av_textblock_section.av-9df63e-33753d4b0b801e2a20dd2860f9983f1e .avia_textblock{\ncolor:#628b94;\n}\n<\/style>\n<section  class='av_textblock_section av-9df63e-33753d4b0b801e2a20dd2860f9983f1e '   itemscope=\"itemscope\" itemtype=\"https:\/\/schema.org\/CreativeWork\" ><div class='avia_textblock av_inherit_color'  itemprop=\"text\" ><h4 style=\"text-align: center;\">Dialog<\/h4>\n<p style=\"text-align: center;\">Kiefer und K\u00f6rper<\/p>\n<\/div><\/section><br \/>\n\n<style type=\"text\/css\" data-created_by=\"avia_inline_auto\" id=\"style-css-av-wzf62-c5ca7ef781ca7a0042b6804b080b324b\">\n#top .hr.hr-invisible.av-wzf62-c5ca7ef781ca7a0042b6804b080b324b{\nheight:8px;\n}\n<\/style>\n<div  class='hr av-wzf62-c5ca7ef781ca7a0042b6804b080b324b hr-invisible  avia-builder-el-22  el_after_av_textblock  el_before_av_button '><span class='hr-inner '><span class=\"hr-inner-style\"><\/span><\/span><\/div><br \/>\n<div  class='avia-button-wrap av-93bjte-e625211f6b93019d46e465f0fe3bd366-wrap avia-button-center  avia-builder-el-23  el_after_av_hr  avia-builder-el-last '>\n<style type=\"text\/css\" data-created_by=\"avia_inline_auto\" id=\"style-css-av-93bjte-e625211f6b93019d46e465f0fe3bd366\">\n#top #wrap_all .avia-button.av-93bjte-e625211f6b93019d46e465f0fe3bd366{\nbackground-color:#f0efef;\nborder-color:#f0efef;\ncolor:#628b94;\ntransition:all 0.4s ease-in-out;\n}\n#top #wrap_all .avia-button.av-93bjte-e625211f6b93019d46e465f0fe3bd366 .avia-svg-icon svg:first-child{\nfill:#628b94;\nstroke:#628b94;\n}\n<\/style>\n<a href='https:\/\/www.drricken.de\/ganzheitlicher-dialog\/'  class='avia-button av-93bjte-e625211f6b93019d46e465f0fe3bd366 av-link-btn avia-icon_select-no avia-size-medium avia-position-center'   aria-label=\"Mehr erfahren\"><span class='avia_iconbox_title' >Mehr erfahren<\/span><\/a><\/div><\/p><\/div>\n<style type=\"text\/css\" data-created_by=\"avia_inline_auto\" id=\"style-css-av-atsvwa-307913fd5f1f831162c71ea85d0bc3ca\">\n#top .flex_column_table.av-equal-height-column-flextable.av-atsvwa-307913fd5f1f831162c71ea85d0bc3ca{\nmargin-top:-50px;\nmargin-bottom:0px;\n}\n.flex_column.av-atsvwa-307913fd5f1f831162c71ea85d0bc3ca{\nborder-radius:0px 0px 0px 0px;\npadding:40px 40px 40px 40px;\nbackground-color:#eff3f6;\n}\n<\/style>\n<div  class='flex_column av-atsvwa-307913fd5f1f831162c71ea85d0bc3ca av_one_third  avia-builder-el-24  el_after_av_one_third  el_before_av_hr  no_margin flex_column_table_cell av-equal-height-column av-align-top  '     ><style type=\"text\/css\" data-created_by=\"avia_inline_auto\" id=\"style-css-av-aefjde-1eb94c48153b8bf03c457cd76f88e97a\">\n#top .av_textblock_section.av-aefjde-1eb94c48153b8bf03c457cd76f88e97a .avia_textblock{\ncolor:#628b94;\n}\n<\/style>\n<section  class='av_textblock_section av-aefjde-1eb94c48153b8bf03c457cd76f88e97a '   itemscope=\"itemscope\" itemtype=\"https:\/\/schema.org\/CreativeWork\" ><div class='avia_textblock av_inherit_color'  itemprop=\"text\" ><h4 style=\"text-align: center;\">Schienen<\/h4>\n<p style=\"text-align: center;\">Therapie<\/p>\n<\/div><\/section><br \/>\n\n<style type=\"text\/css\" data-created_by=\"avia_inline_auto\" id=\"style-css-av-a5xeje-f4b0c012b8546583b30b6bcf6458b8c6\">\n#top .hr.hr-invisible.av-a5xeje-f4b0c012b8546583b30b6bcf6458b8c6{\nheight:8px;\n}\n<\/style>\n<div  class='hr av-a5xeje-f4b0c012b8546583b30b6bcf6458b8c6 hr-invisible  avia-builder-el-26  el_after_av_textblock  el_before_av_button '><span class='hr-inner '><span class=\"hr-inner-style\"><\/span><\/span><\/div><br \/>\n<div  class='avia-button-wrap av-a35sw2-ad43cc3b576c6c539fb222fc0c36e52b-wrap avia-button-center  avia-builder-el-27  el_after_av_hr  avia-builder-el-last '>\n<style type=\"text\/css\" data-created_by=\"avia_inline_auto\" id=\"style-css-av-a35sw2-ad43cc3b576c6c539fb222fc0c36e52b\">\n#top #wrap_all .avia-button.av-a35sw2-ad43cc3b576c6c539fb222fc0c36e52b{\nbackground-color:#eff3f6;\nborder-color:#eff3f6;\ncolor:#628b94;\ntransition:all 0.4s ease-in-out;\n}\n#top #wrap_all .avia-button.av-a35sw2-ad43cc3b576c6c539fb222fc0c36e52b .avia-svg-icon svg:first-child{\nfill:#628b94;\nstroke:#628b94;\n}\n<\/style>\n<a href='https:\/\/www.drricken.de\/myoschienen\/'  class='avia-button av-a35sw2-ad43cc3b576c6c539fb222fc0c36e52b av-link-btn avia-icon_select-no avia-size-medium avia-position-center'   aria-label=\"Mehr erfahren\"><span class='avia_iconbox_title' >Mehr erfahren<\/span><\/a><\/div><\/p><\/div><\/div><!--close column table wrapper. Autoclose: 1 -->\n<style type=\"text\/css\" data-created_by=\"avia_inline_auto\" id=\"style-css-av-7anguy-da0b6fdb4b9fb15eb26759d4670a4c79\">\n#top .hr.av-7anguy-da0b6fdb4b9fb15eb26759d4670a4c79{\nmargin-top:40px;\nmargin-bottom:5px;\n}\n.hr.av-7anguy-da0b6fdb4b9fb15eb26759d4670a4c79 .hr-inner{\nwidth:50px;\nborder-color:#628b94;\n}\n<\/style>\n<div  class='hr av-7anguy-da0b6fdb4b9fb15eb26759d4670a4c79 hr-custom  avia-builder-el-28  el_after_av_one_third  avia-builder-el-last  hr-center hr-icon-no'><span class='hr-inner inner-border-av-border-fat'><span class=\"hr-inner-style\"><\/span><\/span><\/div>\n<\/p>\n","protected":false},"excerpt":{"rendered":"","protected":false},"author":1,"featured_media":0,"parent":0,"menu_order":150,"comment_status":"closed","ping_status":"closed","template":"","meta":{"footnotes":""},"class_list":["post-3098","page","type-page","status-publish","hentry"],"_links":{"self":[{"href":"https:\/\/www.drricken.de\/en\/wp-json\/wp\/v2\/pages\/3098","targetHints":{"allow":["GET"]}}],"collection":[{"href":"https:\/\/www.drricken.de\/en\/wp-json\/wp\/v2\/pages"}],"about":[{"href":"https:\/\/www.drricken.de\/en\/wp-json\/wp\/v2\/types\/page"}],"author":[{"embeddable":true,"href":"https:\/\/www.drricken.de\/en\/wp-json\/wp\/v2\/users\/1"}],"replies":[{"embeddable":true,"href":"https:\/\/www.drricken.de\/en\/wp-json\/wp\/v2\/comments?post=3098"}],"version-history":[{"count":2,"href":"https:\/\/www.drricken.de\/en\/wp-json\/wp\/v2\/pages\/3098\/revisions"}],"predecessor-version":[{"id":3100,"href":"https:\/\/www.drricken.de\/en\/wp-json\/wp\/v2\/pages\/3098\/revisions\/3100"}],"wp:attachment":[{"href":"https:\/\/www.drricken.de\/en\/wp-json\/wp\/v2\/media?parent=3098"}],"curies":[{"name":"wp","href":"https:\/\/api.w.org\/{rel}","templated":true}]}}